{"id":37375,"date":"2026-01-27T17:41:59","date_gmt":"2026-01-27T17:41:59","guid":{"rendered":"https:\/\/www.deporteseli.com\/?product=gafas-mosconi-753042-lider-jr"},"modified":"2026-03-31T04:17:26","modified_gmt":"2026-03-31T04:17:26","slug":"gafas-mosconi-753042-lider-jr","status":"publish","type":"product","link":"https:\/\/www.deporteseli.com\/?product=gafas-mosconi-753042-lider-jr","title":{"rendered":"GAFAS MOSCONI 753042 LIDER JR"},"content":{"rendered":"<p>Lente en policarbonato con tratamiento anti-vaho.  Montura y marco en una pieza de silicona.  Doble cina trasera para fijaci\u00f3n total y antideslizante.  Ajuste autom\u00e1tico de gran comodidad.  Amplio \u00e1ngulo de visi\u00f3n.  Alta comodidad.                                                                                                                                                                                                                                                                                                                                                                                                                                                                                                                                                                                                                                                                                                                                                                                                                                                                                                                                                                                                                                        <\/p>\n","protected":false},"excerpt":{"rendered":"<p>GAFAS MOSCONI 753042 LIDER JR<\/p>\n","protected":false},"featured_media":51803,"template":"","meta":[],"product_brand":[],"product_cat":[332],"product_tag":[40],"class_list":{"0":"post-37375","1":"product","2":"type-product","3":"status-publish","4":"has-post-thumbnail","6":"product_cat-deportes_piscina_gafas","7":"product_tag-mosconi","8":"pa_color-unico","9":"pa_talla-unica","10":"thunk-woo-product-list","11":"opn-qv-enable","12":"open-woo-hover-","13":"open-single-product-tab-horizontal","14":"open-shadow-","15":"open-shadow-hover-","17":"first","18":"instock","19":"shipping-taxable","20":"purchasable","21":"product-type-variable"},"jetpack_sharing_enabled":true,"_links":{"self":[{"href":"https:\/\/www.deporteseli.com\/index.php?rest_route=\/wp\/v2\/product\/37375","targetHints":{"allow":["GET"]}}],"collection":[{"href":"https:\/\/www.deporteseli.com\/index.php?rest_route=\/wp\/v2\/product"}],"about":[{"href":"https:\/\/www.deporteseli.com\/index.php?rest_route=\/wp\/v2\/types\/product"}],"wp:featuredmedia":[{"embeddable":true,"href":"https:\/\/www.deporteseli.com\/index.php?rest_route=\/wp\/v2\/media\/51803"}],"wp:attachment":[{"href":"https:\/\/www.deporteseli.com\/index.php?rest_route=%2Fwp%2Fv2%2Fmedia&parent=37375"}],"wp:term":[{"taxonomy":"product_brand","embeddable":true,"href":"https:\/\/www.deporteseli.com\/index.php?rest_route=%2Fwp%2Fv2%2Fproduct_brand&post=37375"},{"taxonomy":"product_cat","embeddable":true,"href":"https:\/\/www.deporteseli.com\/index.php?rest_route=%2Fwp%2Fv2%2Fproduct_cat&post=37375"},{"taxonomy":"product_tag","embeddable":true,"href":"https:\/\/www.deporteseli.com\/index.php?rest_route=%2Fwp%2Fv2%2Fproduct_tag&post=37375"}],"curies":[{"name":"wp","href":"https:\/\/api.w.org\/{rel}","templated":true}]}}