{"id":37368,"date":"2026-01-27T17:41:32","date_gmt":"2026-01-27T17:41:32","guid":{"rendered":"https:\/\/www.deporteseli.com\/?product=bermuda-bcn-ernesto-blue"},"modified":"2026-02-16T07:44:30","modified_gmt":"2026-02-16T07:44:30","slug":"bermuda-bcn-ernesto-blue","status":"publish","type":"product","link":"https:\/\/www.deporteseli.com\/?product=bermuda-bcn-ernesto-blue","title":{"rendered":"BERMUDA BCN ERNESTO BLUE"},"content":{"rendered":"<p>Descripci\u00f3n: Cintura normal con cierre de bot\u00f3n met\u00e1lico, cremallera met\u00e1lica, bolsillos delanteros redondeados, remache met\u00e1lico, bolsillo monedero, dos bolsillos traseros de parche con bordado.    Composici\u00f3n: 98% Algod\u00f3n- 2% Elast\u00e1n    Prestaciones: C\u00f3moda, transpirable, el\u00e1stica.    Colores: Azul                                                                                                                                                                                                                                                                                                                                                                                                                                                                                                                                                                                                                                                                                                                                                                                                                                                                                                                                                                                                                                        <\/p>\n","protected":false},"excerpt":{"rendered":"<p>BERMUDA BCN ERNESTO BLUE<\/p>\n","protected":false},"featured_media":51787,"template":"","meta":[],"product_brand":[],"product_cat":[250],"product_tag":[70],"class_list":{"0":"post-37368","1":"product","2":"type-product","3":"status-publish","4":"has-post-thumbnail","6":"product_cat-hombre_textil_bermudas","7":"product_tag-bcn","8":"pa_color-unico","9":"pa_talla-149","10":"pa_talla-157","11":"pa_talla-161","12":"pa_talla-164","13":"thunk-woo-product-list","14":"opn-qv-enable","15":"open-woo-hover-","16":"open-single-product-tab-horizontal","17":"open-shadow-","18":"open-shadow-hover-","20":"first","21":"instock","22":"shipping-taxable","23":"purchasable","24":"product-type-variable"},"jetpack_sharing_enabled":true,"_links":{"self":[{"href":"https:\/\/www.deporteseli.com\/index.php?rest_route=\/wp\/v2\/product\/37368","targetHints":{"allow":["GET"]}}],"collection":[{"href":"https:\/\/www.deporteseli.com\/index.php?rest_route=\/wp\/v2\/product"}],"about":[{"href":"https:\/\/www.deporteseli.com\/index.php?rest_route=\/wp\/v2\/types\/product"}],"wp:featuredmedia":[{"embeddable":true,"href":"https:\/\/www.deporteseli.com\/index.php?rest_route=\/wp\/v2\/media\/51787"}],"wp:attachment":[{"href":"https:\/\/www.deporteseli.com\/index.php?rest_route=%2Fwp%2Fv2%2Fmedia&parent=37368"}],"wp:term":[{"taxonomy":"product_brand","embeddable":true,"href":"https:\/\/www.deporteseli.com\/index.php?rest_route=%2Fwp%2Fv2%2Fproduct_brand&post=37368"},{"taxonomy":"product_cat","embeddable":true,"href":"https:\/\/www.deporteseli.com\/index.php?rest_route=%2Fwp%2Fv2%2Fproduct_cat&post=37368"},{"taxonomy":"product_tag","embeddable":true,"href":"https:\/\/www.deporteseli.com\/index.php?rest_route=%2Fwp%2Fv2%2Fproduct_tag&post=37368"}],"curies":[{"name":"wp","href":"https:\/\/api.w.org\/{rel}","templated":true}]}}