{"id":37364,"date":"2026-01-27T17:41:23","date_gmt":"2026-01-27T17:41:23","guid":{"rendered":"https:\/\/www.deporteseli.com\/?product=bermuda-bcn-dakari-vino"},"modified":"2026-01-27T17:41:31","modified_gmt":"2026-01-27T17:41:31","slug":"bermuda-bcn-dakari-vino","status":"publish","type":"product","link":"https:\/\/www.deporteseli.com\/?product=bermuda-bcn-dakari-vino","title":{"rendered":"BERMUDA BCN DAKARI VINO"},"content":{"rendered":"<p>Descripci\u00f3n: Bermuda estampada, cintura normal con cierre de bot\u00f3n, bolsillos delanteros en diagonal, bolsillo relojero, en parte trasera dos bolsillos con ojal abotonados.    Composici\u00f3n: 99% Algod\u00f3n- 1% Elast\u00e1n 180grs.    Prestaciones: C\u00f3moda, transpirable, el\u00e1stica.    Colores: Vino M\u00e1laga- Gris Claro- Malva Oscuro    Gris Medio- Verde Abeto- Gris Oscuro                                                                                                                                                                                                                                                                                                                                                                                                                                                                                                                                                                                                                                                                                                                                                                                                                                                                                                                                                                                                                                        <\/p>\n","protected":false},"excerpt":{"rendered":"<p>BERMUDA BCN DAKARI VINO<\/p>\n","protected":false},"featured_media":51784,"template":"","meta":[],"product_brand":[],"product_cat":[250],"product_tag":[70],"class_list":{"0":"post-37364","1":"product","2":"type-product","3":"status-publish","4":"has-post-thumbnail","6":"product_cat-hombre_textil_bermudas","7":"product_tag-bcn","8":"pa_color-unico","9":"pa_talla-149","10":"pa_talla-153","11":"pa_talla-157","12":"thunk-woo-product-list","13":"opn-qv-enable","14":"open-woo-hover-","15":"open-single-product-tab-horizontal","16":"open-shadow-","17":"open-shadow-hover-","19":"first","20":"instock","21":"shipping-taxable","22":"purchasable","23":"product-type-variable"},"jetpack_sharing_enabled":true,"_links":{"self":[{"href":"https:\/\/www.deporteseli.com\/index.php?rest_route=\/wp\/v2\/product\/37364","targetHints":{"allow":["GET"]}}],"collection":[{"href":"https:\/\/www.deporteseli.com\/index.php?rest_route=\/wp\/v2\/product"}],"about":[{"href":"https:\/\/www.deporteseli.com\/index.php?rest_route=\/wp\/v2\/types\/product"}],"wp:featuredmedia":[{"embeddable":true,"href":"https:\/\/www.deporteseli.com\/index.php?rest_route=\/wp\/v2\/media\/51784"}],"wp:attachment":[{"href":"https:\/\/www.deporteseli.com\/index.php?rest_route=%2Fwp%2Fv2%2Fmedia&parent=37364"}],"wp:term":[{"taxonomy":"product_brand","embeddable":true,"href":"https:\/\/www.deporteseli.com\/index.php?rest_route=%2Fwp%2Fv2%2Fproduct_brand&post=37364"},{"taxonomy":"product_cat","embeddable":true,"href":"https:\/\/www.deporteseli.com\/index.php?rest_route=%2Fwp%2Fv2%2Fproduct_cat&post=37364"},{"taxonomy":"product_tag","embeddable":true,"href":"https:\/\/www.deporteseli.com\/index.php?rest_route=%2Fwp%2Fv2%2Fproduct_tag&post=37364"}],"curies":[{"name":"wp","href":"https:\/\/api.w.org\/{rel}","templated":true}]}}