{"id":37355,"date":"2026-01-27T17:41:12","date_gmt":"2026-01-27T17:41:12","guid":{"rendered":"https:\/\/www.deporteseli.com\/?product=bermuda-bcn-christophe-blue"},"modified":"2026-01-27T17:41:19","modified_gmt":"2026-01-27T17:41:19","slug":"bermuda-bcn-christophe-blue","status":"publish","type":"product","link":"https:\/\/www.deporteseli.com\/?product=bermuda-bcn-christophe-blue","title":{"rendered":"BERMUDA BCN CHRISTOPHE BLUE"},"content":{"rendered":"<p>Descripci\u00f3n: Cintura normal con cierre de bot\u00f3n met\u00e1lico, cremallera met\u00e1lica, bolsillos delanteros redondeados, remache met\u00e1lico, bolsillo monedero, dos bolsillos traseros de parche con bordado, repuntes a contraste.    Composici\u00f3n: 99% Algod\u00f3n- 1% Elast\u00e1n 9Oz.    Prestaciones: C\u00f3moda, transpirable, el\u00e1stica.    Colores: Azul Oscuro.                                                                                                                                                                                                                                                                                                                                                                                                                                                                                                                                                                                                                                                                                                                                                                                                                                                                                                                                                                                                                                        <\/p>\n","protected":false},"excerpt":{"rendered":"<p>BERMUDA BCN CHRISTOPHE BLUE<\/p>\n","protected":false},"featured_media":51779,"template":"","meta":[],"product_brand":[],"product_cat":[250],"product_tag":[70],"class_list":{"0":"post-37355","1":"product","2":"type-product","3":"status-publish","4":"has-post-thumbnail","6":"product_cat-hombre_textil_bermudas","7":"product_tag-bcn","8":"pa_color-unico","9":"pa_talla-149","10":"pa_talla-153","11":"pa_talla-157","12":"pa_talla-161","13":"pa_talla-164","14":"thunk-woo-product-list","15":"opn-qv-enable","16":"open-woo-hover-","17":"open-single-product-tab-horizontal","18":"open-shadow-","19":"open-shadow-hover-","21":"first","22":"instock","23":"shipping-taxable","24":"purchasable","25":"product-type-variable"},"jetpack_sharing_enabled":true,"_links":{"self":[{"href":"https:\/\/www.deporteseli.com\/index.php?rest_route=\/wp\/v2\/product\/37355","targetHints":{"allow":["GET"]}}],"collection":[{"href":"https:\/\/www.deporteseli.com\/index.php?rest_route=\/wp\/v2\/product"}],"about":[{"href":"https:\/\/www.deporteseli.com\/index.php?rest_route=\/wp\/v2\/types\/product"}],"wp:featuredmedia":[{"embeddable":true,"href":"https:\/\/www.deporteseli.com\/index.php?rest_route=\/wp\/v2\/media\/51779"}],"wp:attachment":[{"href":"https:\/\/www.deporteseli.com\/index.php?rest_route=%2Fwp%2Fv2%2Fmedia&parent=37355"}],"wp:term":[{"taxonomy":"product_brand","embeddable":true,"href":"https:\/\/www.deporteseli.com\/index.php?rest_route=%2Fwp%2Fv2%2Fproduct_brand&post=37355"},{"taxonomy":"product_cat","embeddable":true,"href":"https:\/\/www.deporteseli.com\/index.php?rest_route=%2Fwp%2Fv2%2Fproduct_cat&post=37355"},{"taxonomy":"product_tag","embeddable":true,"href":"https:\/\/www.deporteseli.com\/index.php?rest_route=%2Fwp%2Fv2%2Fproduct_tag&post=37355"}],"curies":[{"name":"wp","href":"https:\/\/api.w.org\/{rel}","templated":true}]}}