{"id":37350,"date":"2026-01-27T17:41:02","date_gmt":"2026-01-27T17:41:02","guid":{"rendered":"https:\/\/www.deporteseli.com\/?product=short-bcn-brik-carbon"},"modified":"2026-01-27T17:41:10","modified_gmt":"2026-01-27T17:41:10","slug":"short-bcn-brik-carbon","status":"publish","type":"product","link":"https:\/\/www.deporteseli.com\/?product=short-bcn-brik-carbon","title":{"rendered":"SHORT BCN BRIK CARBON"},"content":{"rendered":"<p>Descripci\u00f3n: Cintura semi el\u00e1stica con logo, cierre con bot\u00f3n corchete, cintur\u00f3n ajustable, bolsillos delanteros con cremallera invertida a contraste, banda reflectante en delanteros, bolsillo lateral y trasero con cremallera invertida a contraste, logos bordados.    Composici\u00f3n: 95% Nylon- 5% Elast\u00e1n 145grs. Tejido tratado con DWR.    Prestaciones: Tejido tratado con DWR repelente al agua, secado r\u00e1pido, transpirable, tejido biel\u00e1stico.    Colores: Negro- Verde Lima-Gris    Carb\u00f3n- Naranja- Gris                                                                                                                                                                                                                                                                                                                                                                                                                                                                                                                                                                                                                                                                                                                                                                                                                                                                                                                                                                                                                                        <\/p>\n","protected":false},"excerpt":{"rendered":"<p>SHORT BCN BRIK CARBON<\/p>\n","protected":false},"featured_media":51778,"template":"","meta":[],"product_brand":[],"product_cat":[250],"product_tag":[70],"class_list":{"0":"post-37350","1":"product","2":"type-product","3":"status-publish","4":"has-post-thumbnail","6":"product_cat-hombre_textil_bermudas","7":"product_tag-bcn","8":"pa_color-unico","9":"pa_talla-149","10":"pa_talla-153","11":"pa_talla-161","12":"pa_talla-164","13":"thunk-woo-product-list","14":"opn-qv-enable","15":"open-woo-hover-","16":"open-single-product-tab-horizontal","17":"open-shadow-","18":"open-shadow-hover-","20":"first","21":"instock","22":"shipping-taxable","23":"purchasable","24":"product-type-variable"},"jetpack_sharing_enabled":true,"_links":{"self":[{"href":"https:\/\/www.deporteseli.com\/index.php?rest_route=\/wp\/v2\/product\/37350","targetHints":{"allow":["GET"]}}],"collection":[{"href":"https:\/\/www.deporteseli.com\/index.php?rest_route=\/wp\/v2\/product"}],"about":[{"href":"https:\/\/www.deporteseli.com\/index.php?rest_route=\/wp\/v2\/types\/product"}],"wp:featuredmedia":[{"embeddable":true,"href":"https:\/\/www.deporteseli.com\/index.php?rest_route=\/wp\/v2\/media\/51778"}],"wp:attachment":[{"href":"https:\/\/www.deporteseli.com\/index.php?rest_route=%2Fwp%2Fv2%2Fmedia&parent=37350"}],"wp:term":[{"taxonomy":"product_brand","embeddable":true,"href":"https:\/\/www.deporteseli.com\/index.php?rest_route=%2Fwp%2Fv2%2Fproduct_brand&post=37350"},{"taxonomy":"product_cat","embeddable":true,"href":"https:\/\/www.deporteseli.com\/index.php?rest_route=%2Fwp%2Fv2%2Fproduct_cat&post=37350"},{"taxonomy":"product_tag","embeddable":true,"href":"https:\/\/www.deporteseli.com\/index.php?rest_route=%2Fwp%2Fv2%2Fproduct_tag&post=37350"}],"curies":[{"name":"wp","href":"https:\/\/api.w.org\/{rel}","templated":true}]}}