{"id":37285,"date":"2026-01-27T17:39:29","date_gmt":"2026-01-27T17:39:29","guid":{"rendered":"https:\/\/www.deporteseli.com\/?product=conjunto-camiseta-y-shorts-essentials"},"modified":"2026-01-27T17:39:38","modified_gmt":"2026-01-27T17:39:38","slug":"conjunto-camiseta-y-shorts-essentials","status":"publish","type":"product","link":"https:\/\/www.deporteseli.com\/?product=conjunto-camiseta-y-shorts-essentials","title":{"rendered":"CONJUNTO: CAMISETA Y SHORTS ESSENTIALS"},"content":{"rendered":"<p>CONJUNTO: CAMISETA Y SHORTS ESSENTIALS  CAMISETA Y SHORTS ESTILO ADIDAS.  Sonrisas y terquedad, descubrimientos y travesuras: los ni\u00f1os no los dejan relajarse ni un minuto. Hemos hecho que este kit infantil de adidas sea lo m\u00e1s simple y conveniente posible para que no pierdas un tiempo precioso en vestirte y persuadir. Confeccionado en suave algod\u00f3n, presenta un gran logo de adidas. Apoyamos el cultivo y procesamiento sostenible del algod\u00f3n. Esto es parte de nuestro programa para reducir los desechos pl\u00e1sticos.  SOBRE EL MODELO  Ajuste est\u00e1ndar  Cuello redondo acanalado con botones en el hombro  Punto fino: 100% algod\u00f3n  modelo suave  Cintura el\u00e1stica  inserciones de contraste  Color que se muestra: Gris jaspeado medio \/ Azul brillante  N\u00famero de modelo: H65822                                                                                                                                                                                                                                                                                                                                                                                                                                                                                                                                                                                                                                                                                                                                                                                                                                                                                                                                                                                                                                        <\/p>\n","protected":false},"excerpt":{"rendered":"<p>CONJUNTO: CAMISETA Y SHORTS ESSENTIALS<\/p>\n","protected":false},"featured_media":51758,"template":"","meta":[],"product_brand":[],"product_cat":[297],"product_tag":[18],"class_list":{"0":"post-37285","1":"product","2":"type-product","3":"status-publish","4":"has-post-thumbnail","6":"product_cat-nino_textil_conjuntos","7":"product_tag-adidas","8":"pa_color-unico","9":"pa_talla-12-meses","10":"pa_talla-18-meses","11":"pa_talla-103","12":"pa_talla-167","13":"pa_talla-168","14":"thunk-woo-product-list","15":"opn-qv-enable","16":"open-woo-hover-","17":"open-single-product-tab-horizontal","18":"open-shadow-","19":"open-shadow-hover-","21":"first","22":"instock","23":"shipping-taxable","24":"purchasable","25":"product-type-variable"},"jetpack_sharing_enabled":true,"_links":{"self":[{"href":"https:\/\/www.deporteseli.com\/index.php?rest_route=\/wp\/v2\/product\/37285","targetHints":{"allow":["GET"]}}],"collection":[{"href":"https:\/\/www.deporteseli.com\/index.php?rest_route=\/wp\/v2\/product"}],"about":[{"href":"https:\/\/www.deporteseli.com\/index.php?rest_route=\/wp\/v2\/types\/product"}],"wp:featuredmedia":[{"embeddable":true,"href":"https:\/\/www.deporteseli.com\/index.php?rest_route=\/wp\/v2\/media\/51758"}],"wp:attachment":[{"href":"https:\/\/www.deporteseli.com\/index.php?rest_route=%2Fwp%2Fv2%2Fmedia&parent=37285"}],"wp:term":[{"taxonomy":"product_brand","embeddable":true,"href":"https:\/\/www.deporteseli.com\/index.php?rest_route=%2Fwp%2Fv2%2Fproduct_brand&post=37285"},{"taxonomy":"product_cat","embeddable":true,"href":"https:\/\/www.deporteseli.com\/index.php?rest_route=%2Fwp%2Fv2%2Fproduct_cat&post=37285"},{"taxonomy":"product_tag","embeddable":true,"href":"https:\/\/www.deporteseli.com\/index.php?rest_route=%2Fwp%2Fv2%2Fproduct_tag&post=37285"}],"curies":[{"name":"wp","href":"https:\/\/api.w.org\/{rel}","templated":true}]}}