{"id":37244,"date":"2026-01-27T17:37:51","date_gmt":"2026-01-27T17:37:51","guid":{"rendered":"https:\/\/www.deporteseli.com\/?product=pokur"},"modified":"2026-01-27T17:38:05","modified_gmt":"2026-01-27T17:38:05","slug":"pokur","status":"publish","type":"product","link":"https:\/\/www.deporteseli.com\/?product=pokur","title":{"rendered":"POKUR"},"content":{"rendered":"<p>DESCRIPCI\u00d3N  Molde tipo sandalia, de EVA inyectada, muy blanda y confortable para los peque\u00f1os. Se ajusta con una tira de velcro en el empeine. Cuenta con un FOOTBED envolvente que nos aportar\u00e1 una sujecci\u00f3n extra. Perfecta para mojarla, la EVA no retiene el agua.                                                                                                                                                                                                                                                                                                                                                                                                                                                                                                                                                                                                                                                                                                                                                                                                                                                                                                                                                                                                                                        <\/p>\n","protected":false},"excerpt":{"rendered":"<p>POKUR<\/p>\n","protected":false},"featured_media":51724,"template":"","meta":[],"product_brand":[],"product_cat":[314],"product_tag":[43],"class_list":{"0":"post-37244","1":"product","2":"type-product","3":"status-publish","4":"has-post-thumbnail","6":"product_cat-nino_calzado_cholas","7":"product_tag-jhon_smith","8":"pa_color-unico","9":"pa_talla-113","10":"pa_talla-119","11":"pa_talla-121","12":"pa_talla-123","13":"pa_talla-125","14":"pa_talla-127","15":"pa_talla-137","16":"thunk-woo-product-list","17":"opn-qv-enable","18":"open-woo-hover-","19":"open-single-product-tab-horizontal","20":"open-shadow-","21":"open-shadow-hover-","23":"first","24":"instock","25":"shipping-taxable","26":"purchasable","27":"product-type-variable"},"jetpack_sharing_enabled":true,"_links":{"self":[{"href":"https:\/\/www.deporteseli.com\/index.php?rest_route=\/wp\/v2\/product\/37244","targetHints":{"allow":["GET"]}}],"collection":[{"href":"https:\/\/www.deporteseli.com\/index.php?rest_route=\/wp\/v2\/product"}],"about":[{"href":"https:\/\/www.deporteseli.com\/index.php?rest_route=\/wp\/v2\/types\/product"}],"wp:featuredmedia":[{"embeddable":true,"href":"https:\/\/www.deporteseli.com\/index.php?rest_route=\/wp\/v2\/media\/51724"}],"wp:attachment":[{"href":"https:\/\/www.deporteseli.com\/index.php?rest_route=%2Fwp%2Fv2%2Fmedia&parent=37244"}],"wp:term":[{"taxonomy":"product_brand","embeddable":true,"href":"https:\/\/www.deporteseli.com\/index.php?rest_route=%2Fwp%2Fv2%2Fproduct_brand&post=37244"},{"taxonomy":"product_cat","embeddable":true,"href":"https:\/\/www.deporteseli.com\/index.php?rest_route=%2Fwp%2Fv2%2Fproduct_cat&post=37244"},{"taxonomy":"product_tag","embeddable":true,"href":"https:\/\/www.deporteseli.com\/index.php?rest_route=%2Fwp%2Fv2%2Fproduct_tag&post=37244"}],"curies":[{"name":"wp","href":"https:\/\/api.w.org\/{rel}","templated":true}]}}