{"id":37232,"date":"2026-01-27T17:37:26","date_gmt":"2026-01-27T17:37:26","guid":{"rendered":"https:\/\/www.deporteseli.com\/?product=cholas-pudun"},"modified":"2026-03-20T05:18:20","modified_gmt":"2026-03-20T05:18:20","slug":"cholas-pudun","status":"publish","type":"product","link":"https:\/\/www.deporteseli.com\/?product=cholas-pudun","title":{"rendered":"CHOLAS PUDUN"},"content":{"rendered":"<p>DESCRIPCI\u00d3N  Sandalia de dedo, un b\u00e1sico en nuestra colecci\u00f3n. Tiene un dise\u00f1o con un peque\u00f1o re-styling respecto al modelo PUFS. Destaca su FOOTBED de EVA, con un ligero grabado que proporciona una agradable sensaci\u00f3n en la planta de pie. Y la caracter\u00edstica estrella, su suela de phylon, un cushion propio de una zapatilla de running. La opci\u00f3n m\u00e1s adecuada si queremos una amortiguaci\u00f3n extra.                                                                                                                                                                                                                                                                                                                                                                                                                                                                                                                                                                                                                                                                                                                                                                                                                                                                                                                                                                                                                                        <\/p>\n","protected":false},"excerpt":{"rendered":"<p>CHOLAS PUDUN<\/p>\n","protected":false},"featured_media":51718,"template":"","meta":[],"product_brand":[],"product_cat":[265],"product_tag":[43],"class_list":{"0":"post-37232","1":"product","2":"type-product","3":"status-publish","4":"has-post-thumbnail","6":"product_cat-hombre_calzado_cholas","7":"product_tag-jhon_smith","8":"pa_color-unico","9":"pa_talla-149","10":"pa_talla-151","11":"pa_talla-153","12":"pa_talla-155","13":"pa_talla-161","14":"thunk-woo-product-list","15":"opn-qv-enable","16":"open-woo-hover-","17":"open-single-product-tab-horizontal","18":"open-shadow-","19":"open-shadow-hover-","21":"first","22":"instock","23":"shipping-taxable","24":"purchasable","25":"product-type-variable"},"jetpack_sharing_enabled":true,"_links":{"self":[{"href":"https:\/\/www.deporteseli.com\/index.php?rest_route=\/wp\/v2\/product\/37232","targetHints":{"allow":["GET"]}}],"collection":[{"href":"https:\/\/www.deporteseli.com\/index.php?rest_route=\/wp\/v2\/product"}],"about":[{"href":"https:\/\/www.deporteseli.com\/index.php?rest_route=\/wp\/v2\/types\/product"}],"wp:featuredmedia":[{"embeddable":true,"href":"https:\/\/www.deporteseli.com\/index.php?rest_route=\/wp\/v2\/media\/51718"}],"wp:attachment":[{"href":"https:\/\/www.deporteseli.com\/index.php?rest_route=%2Fwp%2Fv2%2Fmedia&parent=37232"}],"wp:term":[{"taxonomy":"product_brand","embeddable":true,"href":"https:\/\/www.deporteseli.com\/index.php?rest_route=%2Fwp%2Fv2%2Fproduct_brand&post=37232"},{"taxonomy":"product_cat","embeddable":true,"href":"https:\/\/www.deporteseli.com\/index.php?rest_route=%2Fwp%2Fv2%2Fproduct_cat&post=37232"},{"taxonomy":"product_tag","embeddable":true,"href":"https:\/\/www.deporteseli.com\/index.php?rest_route=%2Fwp%2Fv2%2Fproduct_tag&post=37232"}],"curies":[{"name":"wp","href":"https:\/\/api.w.org\/{rel}","templated":true}]}}