{"id":37162,"date":"2026-01-27T17:35:41","date_gmt":"2026-01-27T17:35:41","guid":{"rendered":"https:\/\/www.deporteseli.com\/?product=paletero-wilson-padel-super-tour"},"modified":"2026-01-27T17:35:43","modified_gmt":"2026-01-27T17:35:43","slug":"paletero-wilson-padel-super-tour","status":"publish","type":"product","link":"https:\/\/www.deporteseli.com\/?product=paletero-wilson-padel-super-tour","title":{"rendered":"PALETERO WILSON PADEL SUPER TOUR"},"content":{"rendered":"<p>PALETERO WILSON PADEL SUPER TOUR  Mejora tu equipo de padel con una de las mejores bolsas de padel de la zona, la bolsa de padel Super Tour de Wilson. Con espacio m\u00e1s que suficiente para guardar c\u00f3modamente hasta seis palas y una variedad de bolsillos adicionales para accesorios m\u00e1s peque\u00f1os y efectos personales, este bolso aporta un claro \u00e9nfasis en la calidad y la funcionalidad sin comprometer el estilo. El bolso tambi\u00e9n incluye un sistema de divisor interior extra\u00edble para ayudar a mantener el contenido organizado.    Descripci\u00f3n:    Poli\u00e9ster con patr\u00f3n en 2 tonos con recubrimiento de TPU.    Dos compartimentos principales con capacidad para 6 palas c\u00f3modamente.  El forro Thermoguard protege las palas de las temperaturas extremas.    El bolsillo de accesorios forrado de lana transporta convenientemente los objetos de valor m\u00e1s peque\u00f1os y delicados.    Bolsillo interior que contiene el port\u00e1til o la tableta.    El sistema de divisor interno removible ayuda a mantener el contenido de la bolsa organizado.    Grandes bolsillos de accesorios para guardar el equipo extra.    Asa de transporte superior.    Correas de hombro acolchadas ajustables.    Referencia: WR8900001001                                                                                                                                                                                                                                                                                                                                                                                                                                                                                                                                                                                                                                                                                                                                                                                                                                                                                                                                                                                                                                        <\/p>\n","protected":false},"excerpt":{"rendered":"<p>PALETERO WILSON PADEL SUPER TOUR<\/p>\n","protected":false},"featured_media":51694,"template":"","meta":[],"product_brand":[],"product_cat":[354],"product_tag":[57],"class_list":{"0":"post-37162","1":"product","2":"type-product","3":"status-publish","4":"has-post-thumbnail","6":"product_cat-padel_y_tenis_paleteros","7":"product_tag-wilson","8":"pa_color-unico","9":"pa_talla-unica","10":"thunk-woo-product-list","11":"opn-qv-enable","12":"open-woo-hover-","13":"open-single-product-tab-horizontal","14":"open-shadow-","15":"open-shadow-hover-","17":"first","18":"instock","19":"sale","20":"shipping-taxable","21":"purchasable","22":"product-type-variable"},"jetpack_sharing_enabled":true,"_links":{"self":[{"href":"https:\/\/www.deporteseli.com\/index.php?rest_route=\/wp\/v2\/product\/37162","targetHints":{"allow":["GET"]}}],"collection":[{"href":"https:\/\/www.deporteseli.com\/index.php?rest_route=\/wp\/v2\/product"}],"about":[{"href":"https:\/\/www.deporteseli.com\/index.php?rest_route=\/wp\/v2\/types\/product"}],"wp:featuredmedia":[{"embeddable":true,"href":"https:\/\/www.deporteseli.com\/index.php?rest_route=\/wp\/v2\/media\/51694"}],"wp:attachment":[{"href":"https:\/\/www.deporteseli.com\/index.php?rest_route=%2Fwp%2Fv2%2Fmedia&parent=37162"}],"wp:term":[{"taxonomy":"product_brand","embeddable":true,"href":"https:\/\/www.deporteseli.com\/index.php?rest_route=%2Fwp%2Fv2%2Fproduct_brand&post=37162"},{"taxonomy":"product_cat","embeddable":true,"href":"https:\/\/www.deporteseli.com\/index.php?rest_route=%2Fwp%2Fv2%2Fproduct_cat&post=37162"},{"taxonomy":"product_tag","embeddable":true,"href":"https:\/\/www.deporteseli.com\/index.php?rest_route=%2Fwp%2Fv2%2Fproduct_tag&post=37162"}],"curies":[{"name":"wp","href":"https:\/\/api.w.org\/{rel}","templated":true}]}}