{"id":37160,"date":"2026-01-27T17:35:39","date_gmt":"2026-01-27T17:35:39","guid":{"rendered":"https:\/\/www.deporteseli.com\/?product=mochila-wilson-junior"},"modified":"2026-01-27T17:35:40","modified_gmt":"2026-01-27T17:35:40","slug":"mochila-wilson-junior","status":"publish","type":"product","link":"https:\/\/www.deporteseli.com\/?product=mochila-wilson-junior","title":{"rendered":"MOCHILA WILSON JUNIOR"},"content":{"rendered":"<p>Esta mochila Wilson Junior es ideal para llevar las pertenencias de los ni\u00f1os al colegio. La bolsa tiene un gran compartimento central donde pueden guardar f\u00e1cilmente todas sus pertenencias. En la parte delantera, hay un bolsillo con cremallera donde los ni\u00f1os pueden guardar los objetos que quieran tener a mano. La mochila se caracteriza por su dise\u00f1o militar y ser\u00e1 la aliada de los ni\u00f1os tanto para el entrenamiento como para el colegio. Para llevarla, tiene dos correas ajustables para pon\u00e9rsela a la espalda o de simple asa para llevarla a mano.                                                                                                                                                                                                                                                                                                                                                                                                                                                                                                                                                                                                                                                                                                                                                                                                                                                                                                                                                                                                                                        <\/p>\n","protected":false},"excerpt":{"rendered":"<p>MOCHILA WILSON JUNIOR<\/p>\n","protected":false},"featured_media":51693,"template":"","meta":[],"product_brand":[],"product_cat":[355],"product_tag":[57],"class_list":{"0":"post-37160","1":"product","2":"type-product","3":"status-publish","4":"has-post-thumbnail","6":"product_cat-padel_y_tenis_mochilas","7":"product_tag-wilson","8":"pa_color-unico","9":"pa_talla-unica","10":"thunk-woo-product-list","11":"opn-qv-enable","12":"open-woo-hover-","13":"open-single-product-tab-horizontal","14":"open-shadow-","15":"open-shadow-hover-","17":"first","18":"instock","19":"sale","20":"shipping-taxable","21":"purchasable","22":"product-type-variable"},"jetpack_sharing_enabled":true,"_links":{"self":[{"href":"https:\/\/www.deporteseli.com\/index.php?rest_route=\/wp\/v2\/product\/37160","targetHints":{"allow":["GET"]}}],"collection":[{"href":"https:\/\/www.deporteseli.com\/index.php?rest_route=\/wp\/v2\/product"}],"about":[{"href":"https:\/\/www.deporteseli.com\/index.php?rest_route=\/wp\/v2\/types\/product"}],"wp:featuredmedia":[{"embeddable":true,"href":"https:\/\/www.deporteseli.com\/index.php?rest_route=\/wp\/v2\/media\/51693"}],"wp:attachment":[{"href":"https:\/\/www.deporteseli.com\/index.php?rest_route=%2Fwp%2Fv2%2Fmedia&parent=37160"}],"wp:term":[{"taxonomy":"product_brand","embeddable":true,"href":"https:\/\/www.deporteseli.com\/index.php?rest_route=%2Fwp%2Fv2%2Fproduct_brand&post=37160"},{"taxonomy":"product_cat","embeddable":true,"href":"https:\/\/www.deporteseli.com\/index.php?rest_route=%2Fwp%2Fv2%2Fproduct_cat&post=37160"},{"taxonomy":"product_tag","embeddable":true,"href":"https:\/\/www.deporteseli.com\/index.php?rest_route=%2Fwp%2Fv2%2Fproduct_tag&post=37160"}],"curies":[{"name":"wp","href":"https:\/\/api.w.org\/{rel}","templated":true}]}}