{"id":37158,"date":"2026-01-27T17:35:36","date_gmt":"2026-01-27T17:35:36","guid":{"rendered":"https:\/\/www.deporteseli.com\/?product=mochila-del-equipo-wilson"},"modified":"2026-01-27T17:35:38","modified_gmt":"2026-01-27T17:35:38","slug":"mochila-del-equipo-wilson","status":"publish","type":"product","link":"https:\/\/www.deporteseli.com\/?product=mochila-del-equipo-wilson","title":{"rendered":"MOCHILA DEL EQUIPO WILSON"},"content":{"rendered":"<p>Las nuevas bolsas Team Collection de Wilson combinan una est\u00e9tica v\u00edvida con caracter\u00edsticas \u00fatiles para los jugadores de tenis. Esta mochila del equipo incluye un bolsillo para raquetas en la parte posterior con cremalleras de bloqueo para guardar hasta dos raquetas, un bolsillo delantero con cremallera para accesorios y un gran compartimento principal para almacenamiento personal adicional. Dos bolsillos laterales de malla pueden acomodar una botella de agua y\/o latas de pelotas de tenis sobre la marcha.    Caracter\u00edsticas:    Bolsillo trasero con cremallera para raqueta con cremallera bloqueable para hasta 2 raquetas  Gran compartimento principal con bolsillo interior con cremallera para objetos de valor  2 bolsillos laterales de malla para botellas de agua o latas de pelotas de tenis  Bolsillo frontal con cremallera para accesorios  Exterior con bloques de color para una est\u00e9tica atractiva  Gui\u00f3n de Wilson presentado en el lateral  Logotipo &#8216;W&#8217; en el frente  Bucle de cincha para llevar o colgar en la parte superior  Color: Azul\/Gris                                                                                                                                                                                                                                                                                                                                                                                                                                                                                                                                                                                                                                                                                                                                                                                                                                                                                                                                                                                                                                        <\/p>\n","protected":false},"excerpt":{"rendered":"<p>MOCHILA DEL EQUIPO WILSON<\/p>\n","protected":false},"featured_media":51691,"template":"","meta":[],"product_brand":[],"product_cat":[355],"product_tag":[57],"class_list":{"0":"post-37158","1":"product","2":"type-product","3":"status-publish","4":"has-post-thumbnail","6":"product_cat-padel_y_tenis_mochilas","7":"product_tag-wilson","8":"pa_color-unico","9":"pa_talla-unica","10":"thunk-woo-product-list","11":"opn-qv-enable","12":"open-woo-hover-","13":"open-single-product-tab-horizontal","14":"open-shadow-","15":"open-shadow-hover-","17":"first","18":"instock","19":"sale","20":"shipping-taxable","21":"purchasable","22":"product-type-variable"},"jetpack_sharing_enabled":true,"_links":{"self":[{"href":"https:\/\/www.deporteseli.com\/index.php?rest_route=\/wp\/v2\/product\/37158","targetHints":{"allow":["GET"]}}],"collection":[{"href":"https:\/\/www.deporteseli.com\/index.php?rest_route=\/wp\/v2\/product"}],"about":[{"href":"https:\/\/www.deporteseli.com\/index.php?rest_route=\/wp\/v2\/types\/product"}],"wp:featuredmedia":[{"embeddable":true,"href":"https:\/\/www.deporteseli.com\/index.php?rest_route=\/wp\/v2\/media\/51691"}],"wp:attachment":[{"href":"https:\/\/www.deporteseli.com\/index.php?rest_route=%2Fwp%2Fv2%2Fmedia&parent=37158"}],"wp:term":[{"taxonomy":"product_brand","embeddable":true,"href":"https:\/\/www.deporteseli.com\/index.php?rest_route=%2Fwp%2Fv2%2Fproduct_brand&post=37158"},{"taxonomy":"product_cat","embeddable":true,"href":"https:\/\/www.deporteseli.com\/index.php?rest_route=%2Fwp%2Fv2%2Fproduct_cat&post=37158"},{"taxonomy":"product_tag","embeddable":true,"href":"https:\/\/www.deporteseli.com\/index.php?rest_route=%2Fwp%2Fv2%2Fproduct_tag&post=37158"}],"curies":[{"name":"wp","href":"https:\/\/api.w.org\/{rel}","templated":true}]}}