{"id":37156,"date":"2026-01-27T17:35:34","date_gmt":"2026-01-27T17:35:34","guid":{"rendered":"https:\/\/www.deporteseli.com\/?product=pantuflas-adidas-adilette-verde"},"modified":"2026-01-27T17:35:36","modified_gmt":"2026-01-27T17:35:36","slug":"pantuflas-adidas-adilette-verde","status":"publish","type":"product","link":"https:\/\/www.deporteseli.com\/?product=pantuflas-adidas-adilette-verde","title":{"rendered":"PANTUFLAS ADIDAS ADILETTE VERDE"},"content":{"rendered":"<p>Zapatillas Adidas Adilette Verde Agua GZ5879. Pantuflas de mujer ligeras, duraderas y de secado r\u00e1pido con suela sint\u00e9tica estampada para una mejor adherencia a la superficie. El relleno de la suela de Eva garantiza el m\u00e1ximo confort para tus pies. Almohadillas de espuma de nube. (Recomendamos pantuflas m\u00e1s grandes de las que usas normalmente)                                                                                                                                                                                                                                                                                                                                                                                                                                                                                                                                                                                                                                                                                                                                                                                                                                                                                                                                                                                                                                        <\/p>\n","protected":false},"excerpt":{"rendered":"<p>PANTUFLAS ADIDAS ADILETTE VERDE<\/p>\n","protected":false},"featured_media":51687,"template":"","meta":[],"product_brand":[],"product_cat":[291],"product_tag":[18],"class_list":{"0":"post-37156","1":"product","2":"type-product","3":"status-publish","4":"has-post-thumbnail","6":"product_cat-mujer_calzado_cholas","7":"product_tag-adidas","8":"pa_color-unico","9":"pa_talla-143","10":"thunk-woo-product-list","11":"opn-qv-enable","12":"open-woo-hover-","13":"open-single-product-tab-horizontal","14":"open-shadow-","15":"open-shadow-hover-","17":"first","18":"instock","19":"shipping-taxable","20":"purchasable","21":"product-type-variable"},"jetpack_sharing_enabled":true,"_links":{"self":[{"href":"https:\/\/www.deporteseli.com\/index.php?rest_route=\/wp\/v2\/product\/37156","targetHints":{"allow":["GET"]}}],"collection":[{"href":"https:\/\/www.deporteseli.com\/index.php?rest_route=\/wp\/v2\/product"}],"about":[{"href":"https:\/\/www.deporteseli.com\/index.php?rest_route=\/wp\/v2\/types\/product"}],"wp:featuredmedia":[{"embeddable":true,"href":"https:\/\/www.deporteseli.com\/index.php?rest_route=\/wp\/v2\/media\/51687"}],"wp:attachment":[{"href":"https:\/\/www.deporteseli.com\/index.php?rest_route=%2Fwp%2Fv2%2Fmedia&parent=37156"}],"wp:term":[{"taxonomy":"product_brand","embeddable":true,"href":"https:\/\/www.deporteseli.com\/index.php?rest_route=%2Fwp%2Fv2%2Fproduct_brand&post=37156"},{"taxonomy":"product_cat","embeddable":true,"href":"https:\/\/www.deporteseli.com\/index.php?rest_route=%2Fwp%2Fv2%2Fproduct_cat&post=37156"},{"taxonomy":"product_tag","embeddable":true,"href":"https:\/\/www.deporteseli.com\/index.php?rest_route=%2Fwp%2Fv2%2Fproduct_tag&post=37156"}],"curies":[{"name":"wp","href":"https:\/\/api.w.org\/{rel}","templated":true}]}}