{"id":37153,"date":"2026-01-27T17:35:29","date_gmt":"2026-01-27T17:35:29","guid":{"rendered":"https:\/\/www.deporteseli.com\/?product=pantalon-corto-essentials-slim-logo-2"},"modified":"2026-01-27T17:35:33","modified_gmt":"2026-01-27T17:35:33","slug":"pantalon-corto-essentials-slim-logo-2","status":"publish","type":"product","link":"https:\/\/www.deporteseli.com\/?product=pantalon-corto-essentials-slim-logo-2","title":{"rendered":"PANTAL\u00f3N CORTO ESSENTIALS SLIM LOGO"},"content":{"rendered":"<p>PANTAL\u00d3N CORTO ESSENTIALS SLIM LOGO  COMODIDAD Y ESTILO  Rel\u00e1jate despu\u00e9s del entrenamiento con el mejor estilo deportivo. Este pantal\u00f3n corto adidas presenta un corte ajustado e incluye un cord\u00f3n en la cintura que te permite ajustarlo a tu gusto. Se ha confeccionado en una mezcla de tejido t\u00e9cnico y felpa suave y luce el logotipo de adidas en vertical en la pernera izquierda.    Este producto se ha confeccionado con material reciclado como parte de nuestro compromiso por acabar con los residuos pl\u00e1sticos.  DETALLES  Corte entallado  cintura el\u00e1stica con cord\u00f3n  Felpa 53% algod\u00f3n \/ 36% poli\u00e9ster reciclado \/ 11% viscosa  Dobladillo con las costuras laterales abiertas  Color del art\u00edculo: Ice Mint \/ White  N\u00famero de art\u00edculo: HE9363                                                                                                                                                                                                                                                                                                                                                                                                                                                                                                                                                                                                                                                                                                                                                                                                                                                                                                                                                                                                                                        <\/p>\n","protected":false},"excerpt":{"rendered":"<p>PANTAL\u00f3N CORTO ESSENTIALS SLIM LOGO<\/p>\n","protected":false},"featured_media":51683,"template":"","meta":[],"product_brand":[],"product_cat":[277],"product_tag":[18],"class_list":{"0":"post-37153","1":"product","2":"type-product","3":"status-publish","4":"has-post-thumbnail","6":"product_cat-mujer_textil_shorts","7":"product_tag-adidas","8":"pa_color-unico","9":"pa_talla-s","10":"pa_talla-xs","11":"thunk-woo-product-list","12":"opn-qv-enable","13":"open-woo-hover-","14":"open-single-product-tab-horizontal","15":"open-shadow-","16":"open-shadow-hover-","18":"first","19":"instock","20":"shipping-taxable","21":"purchasable","22":"product-type-variable"},"jetpack_sharing_enabled":true,"_links":{"self":[{"href":"https:\/\/www.deporteseli.com\/index.php?rest_route=\/wp\/v2\/product\/37153","targetHints":{"allow":["GET"]}}],"collection":[{"href":"https:\/\/www.deporteseli.com\/index.php?rest_route=\/wp\/v2\/product"}],"about":[{"href":"https:\/\/www.deporteseli.com\/index.php?rest_route=\/wp\/v2\/types\/product"}],"wp:featuredmedia":[{"embeddable":true,"href":"https:\/\/www.deporteseli.com\/index.php?rest_route=\/wp\/v2\/media\/51683"}],"wp:attachment":[{"href":"https:\/\/www.deporteseli.com\/index.php?rest_route=%2Fwp%2Fv2%2Fmedia&parent=37153"}],"wp:term":[{"taxonomy":"product_brand","embeddable":true,"href":"https:\/\/www.deporteseli.com\/index.php?rest_route=%2Fwp%2Fv2%2Fproduct_brand&post=37153"},{"taxonomy":"product_cat","embeddable":true,"href":"https:\/\/www.deporteseli.com\/index.php?rest_route=%2Fwp%2Fv2%2Fproduct_cat&post=37153"},{"taxonomy":"product_tag","embeddable":true,"href":"https:\/\/www.deporteseli.com\/index.php?rest_route=%2Fwp%2Fv2%2Fproduct_tag&post=37153"}],"curies":[{"name":"wp","href":"https:\/\/api.w.org\/{rel}","templated":true}]}}