{"id":37144,"date":"2026-01-27T17:35:12","date_gmt":"2026-01-27T17:35:12","guid":{"rendered":"https:\/\/www.deporteseli.com\/?product=short-fila-robert-jr-1750"},"modified":"2026-01-27T17:35:17","modified_gmt":"2026-01-27T17:35:17","slug":"short-fila-robert-jr-1750","status":"publish","type":"product","link":"https:\/\/www.deporteseli.com\/?product=short-fila-robert-jr-1750","title":{"rendered":"SHORT FILA ROBERT JR-1750"},"content":{"rendered":"<p>PANTAL\u00d3N CORTO FILA JUNIOR ROBERT  Este pantal\u00f3n corto Fila Robert para ni\u00f1o es perfecto para vestirlo durante o despu\u00e9s de los partidos de tenis de tu peque. El tejido de lana de mezcla de algod\u00f3n garantizar\u00e1 una \u00f3ptima comodidad para que tu ni\u00f1o tenga un buen rendimiento en la pista de tenis. Este pantal\u00f3n corto Fila Robert tiene una cintura el\u00e1stica con cord\u00f3n para una excelente sujeci\u00f3n. Los dos bolsillos laterales son muy pr\u00e1cticos para guardar objetos personales                                                                                                                                                                                                                                                                                                                                                                                                                                                                                                                                                                                                                                                                                                                                                                                                                                                                                                                                                                                                                                        <\/p>\n","protected":false},"excerpt":{"rendered":"<p>SHORT FILA ROBERT JR-1750<\/p>\n","protected":false},"featured_media":51671,"template":"","meta":[],"product_brand":[],"product_cat":[299],"product_tag":[46],"class_list":{"0":"post-37144","1":"product","2":"type-product","3":"status-publish","4":"has-post-thumbnail","6":"product_cat-nino_textil_bermudas","7":"product_tag-fila","8":"pa_color-unico","9":"pa_talla-t-10","10":"pa_talla-t-12","11":"pa_talla-t-14","12":"pa_talla-t-8","13":"thunk-woo-product-list","14":"opn-qv-enable","15":"open-woo-hover-","16":"open-single-product-tab-horizontal","17":"open-shadow-","18":"open-shadow-hover-","20":"first","21":"instock","22":"shipping-taxable","23":"purchasable","24":"product-type-variable"},"jetpack_sharing_enabled":true,"_links":{"self":[{"href":"https:\/\/www.deporteseli.com\/index.php?rest_route=\/wp\/v2\/product\/37144","targetHints":{"allow":["GET"]}}],"collection":[{"href":"https:\/\/www.deporteseli.com\/index.php?rest_route=\/wp\/v2\/product"}],"about":[{"href":"https:\/\/www.deporteseli.com\/index.php?rest_route=\/wp\/v2\/types\/product"}],"wp:featuredmedia":[{"embeddable":true,"href":"https:\/\/www.deporteseli.com\/index.php?rest_route=\/wp\/v2\/media\/51671"}],"wp:attachment":[{"href":"https:\/\/www.deporteseli.com\/index.php?rest_route=%2Fwp%2Fv2%2Fmedia&parent=37144"}],"wp:term":[{"taxonomy":"product_brand","embeddable":true,"href":"https:\/\/www.deporteseli.com\/index.php?rest_route=%2Fwp%2Fv2%2Fproduct_brand&post=37144"},{"taxonomy":"product_cat","embeddable":true,"href":"https:\/\/www.deporteseli.com\/index.php?rest_route=%2Fwp%2Fv2%2Fproduct_cat&post=37144"},{"taxonomy":"product_tag","embeddable":true,"href":"https:\/\/www.deporteseli.com\/index.php?rest_route=%2Fwp%2Fv2%2Fproduct_tag&post=37144"}],"curies":[{"name":"wp","href":"https:\/\/api.w.org\/{rel}","templated":true}]}}