{"id":37131,"date":"2026-01-27T17:34:44","date_gmt":"2026-01-27T17:34:44","guid":{"rendered":"https:\/\/www.deporteseli.com\/?product=bermuda-champion-217283-fls"},"modified":"2026-01-27T17:34:46","modified_gmt":"2026-01-27T17:34:46","slug":"bermuda-champion-217283-fls","status":"publish","type":"product","link":"https:\/\/www.deporteseli.com\/?product=bermuda-champion-217283-fls","title":{"rendered":"BERMUDA CHAMPION 217283-FLS"},"content":{"rendered":"<p>El pantal\u00f3n corto Champion Cotton Drawcord ofrece un estilo atemporal que le proporcionar\u00e1 una gran comodidad y durabilidad para que pueda desarrollar sus actividades diarias con total normalidad. Tiene el logo de la marca en grande en la parte frontal del pantal\u00f3n.    Caracter\u00edsticas:  &#8211; Cintura el\u00e1stica con cord\u00f3n  &#8211; Dos bolsillos  &#8211; Logo de la marca en la parte frontal                                                                                                                                                                                                                                                                                                                                                                                                                                                                                                                                                                                                                                                                                                                                                                                                                                                                                                                                                                                                                                        <\/p>\n","protected":false},"excerpt":{"rendered":"<p>BERMUDA CHAMPION 217283-FLS<\/p>\n","protected":false},"featured_media":51660,"template":"","meta":[],"product_brand":[],"product_cat":[250],"product_tag":[51],"class_list":{"0":"post-37131","1":"product","2":"type-product","3":"status-publish","4":"has-post-thumbnail","6":"product_cat-hombre_textil_bermudas","7":"product_tag-champion","8":"pa_color-unico","9":"pa_talla-l","10":"thunk-woo-product-list","11":"opn-qv-enable","12":"open-woo-hover-","13":"open-single-product-tab-horizontal","14":"open-shadow-","15":"open-shadow-hover-","17":"first","18":"instock","19":"shipping-taxable","20":"purchasable","21":"product-type-variable"},"jetpack_sharing_enabled":true,"_links":{"self":[{"href":"https:\/\/www.deporteseli.com\/index.php?rest_route=\/wp\/v2\/product\/37131","targetHints":{"allow":["GET"]}}],"collection":[{"href":"https:\/\/www.deporteseli.com\/index.php?rest_route=\/wp\/v2\/product"}],"about":[{"href":"https:\/\/www.deporteseli.com\/index.php?rest_route=\/wp\/v2\/types\/product"}],"wp:featuredmedia":[{"embeddable":true,"href":"https:\/\/www.deporteseli.com\/index.php?rest_route=\/wp\/v2\/media\/51660"}],"wp:attachment":[{"href":"https:\/\/www.deporteseli.com\/index.php?rest_route=%2Fwp%2Fv2%2Fmedia&parent=37131"}],"wp:term":[{"taxonomy":"product_brand","embeddable":true,"href":"https:\/\/www.deporteseli.com\/index.php?rest_route=%2Fwp%2Fv2%2Fproduct_brand&post=37131"},{"taxonomy":"product_cat","embeddable":true,"href":"https:\/\/www.deporteseli.com\/index.php?rest_route=%2Fwp%2Fv2%2Fproduct_cat&post=37131"},{"taxonomy":"product_tag","embeddable":true,"href":"https:\/\/www.deporteseli.com\/index.php?rest_route=%2Fwp%2Fv2%2Fproduct_tag&post=37131"}],"curies":[{"name":"wp","href":"https:\/\/api.w.org\/{rel}","templated":true}]}}