{"id":37127,"date":"2026-01-27T17:34:35","date_gmt":"2026-01-27T17:34:35","guid":{"rendered":"https:\/\/www.deporteseli.com\/?product=short-puma-586766-64"},"modified":"2026-01-27T17:34:37","modified_gmt":"2026-01-27T17:34:37","slug":"short-puma-586766-64","status":"publish","type":"product","link":"https:\/\/www.deporteseli.com\/?product=short-puma-586766-64","title":{"rendered":"SHORT PUMA 586766-64"},"content":{"rendered":"<p>Impresi\u00f3n de goma con el logotipo de Puma  Cintura el\u00e1stica con cord\u00f3n interno para una comodidad personalizada  Bolsillos laterales  Ajuste regular   Hecho con algod\u00f3n de Better Cotton Initiative   Hecho con poliester reciclado  Realizado con OEKO-TEX\u00aeStandard  Largo: 10 pulgadas  Material: 68% algod\u00f3n, 32% poliester                                                                                                                                                                                                                                                                                                                                                                                                                                                                                                                                                                                                                                                                                                                                                                                                                                                                                                                                                                                                                                        <\/p>\n","protected":false},"excerpt":{"rendered":"<p>SHORT PUMA 586766-64<\/p>\n","protected":false},"featured_media":51649,"template":"","meta":[],"product_brand":[],"product_cat":[250],"product_tag":[32],"class_list":{"0":"post-37127","1":"product","2":"type-product","3":"status-publish","4":"has-post-thumbnail","6":"product_cat-hombre_textil_bermudas","7":"product_tag-puma","8":"pa_color-unico","9":"pa_talla-l","10":"thunk-woo-product-list","11":"opn-qv-enable","12":"open-woo-hover-","13":"open-single-product-tab-horizontal","14":"open-shadow-","15":"open-shadow-hover-","17":"first","18":"instock","19":"shipping-taxable","20":"purchasable","21":"product-type-variable"},"jetpack_sharing_enabled":true,"_links":{"self":[{"href":"https:\/\/www.deporteseli.com\/index.php?rest_route=\/wp\/v2\/product\/37127","targetHints":{"allow":["GET"]}}],"collection":[{"href":"https:\/\/www.deporteseli.com\/index.php?rest_route=\/wp\/v2\/product"}],"about":[{"href":"https:\/\/www.deporteseli.com\/index.php?rest_route=\/wp\/v2\/types\/product"}],"wp:featuredmedia":[{"embeddable":true,"href":"https:\/\/www.deporteseli.com\/index.php?rest_route=\/wp\/v2\/media\/51649"}],"wp:attachment":[{"href":"https:\/\/www.deporteseli.com\/index.php?rest_route=%2Fwp%2Fv2%2Fmedia&parent=37127"}],"wp:term":[{"taxonomy":"product_brand","embeddable":true,"href":"https:\/\/www.deporteseli.com\/index.php?rest_route=%2Fwp%2Fv2%2Fproduct_brand&post=37127"},{"taxonomy":"product_cat","embeddable":true,"href":"https:\/\/www.deporteseli.com\/index.php?rest_route=%2Fwp%2Fv2%2Fproduct_cat&post=37127"},{"taxonomy":"product_tag","embeddable":true,"href":"https:\/\/www.deporteseli.com\/index.php?rest_route=%2Fwp%2Fv2%2Fproduct_tag&post=37127"}],"curies":[{"name":"wp","href":"https:\/\/api.w.org\/{rel}","templated":true}]}}