{"id":37121,"date":"2026-01-27T17:34:14","date_gmt":"2026-01-27T17:34:14","guid":{"rendered":"https:\/\/www.deporteseli.com\/?product=pantalon-corto-adidas-essentials-3-bandas"},"modified":"2026-01-27T17:34:33","modified_gmt":"2026-01-27T17:34:33","slug":"pantalon-corto-adidas-essentials-3-bandas","status":"publish","type":"product","link":"https:\/\/www.deporteseli.com\/?product=pantalon-corto-adidas-essentials-3-bandas","title":{"rendered":"PANTAL\u00f3N CORTO ADIDAS ESSENTIALS 3 BANDAS"},"content":{"rendered":"<p>PANTAL\u00d3N CORTO ADIDAS ESSENTIALS 3 BANDAS  VISTE C\u00d3MODO EN TUS D\u00cdAS M\u00c1S ACTIVOS  \u00bfA qui\u00e9n no le gusta levantarse tarde? Simplifica tu rutina matutina y ara\u00f1a unos minutos al despertador gracias a este pantal\u00f3n corto adidas para j\u00f3venes activos. Perfecto para ir a clase, correr en la clase de educaci\u00f3n f\u00edsica e ir a comer algo con tus amigos.    Nuestros productos de algod\u00f3n se han fabricado de forma sostenible y ayudan a acabar con los residuos pl\u00e1sticos.  DETALLES  Corte cl\u00e1sico  Cintura el\u00e1stica con cord\u00f3n  Punto 100% algod\u00f3n  Bolsillos laterales  Color del art\u00edculo: Legend Ink \/ White  N\u00famero de art\u00edculo: GN4026                                                                                                                                                                                                                                                                                                                                                                                                                                                                                                                                                                                                                                                                                                                                                                                                                                                                                                                                                                                                                                        <\/p>\n","protected":false},"excerpt":{"rendered":"<p>PANTAL\u00f3N CORTO ADIDAS ESSENTIALS 3 BANDAS<\/p>\n","protected":false},"featured_media":51646,"template":"","meta":[],"product_brand":[],"product_cat":[299],"product_tag":[18],"class_list":{"0":"post-37121","1":"product","2":"type-product","3":"status-publish","4":"has-post-thumbnail","6":"product_cat-nino_textil_bermudas","7":"product_tag-adidas","8":"pa_color-unico","9":"pa_talla-t-10","10":"pa_talla-t-12","11":"pa_talla-t-14","12":"pa_talla-t-16","13":"pa_talla-t-8","14":"thunk-woo-product-list","15":"opn-qv-enable","16":"open-woo-hover-","17":"open-single-product-tab-horizontal","18":"open-shadow-","19":"open-shadow-hover-","21":"first","22":"instock","23":"shipping-taxable","24":"purchasable","25":"product-type-variable"},"jetpack_sharing_enabled":true,"_links":{"self":[{"href":"https:\/\/www.deporteseli.com\/index.php?rest_route=\/wp\/v2\/product\/37121","targetHints":{"allow":["GET"]}}],"collection":[{"href":"https:\/\/www.deporteseli.com\/index.php?rest_route=\/wp\/v2\/product"}],"about":[{"href":"https:\/\/www.deporteseli.com\/index.php?rest_route=\/wp\/v2\/types\/product"}],"wp:featuredmedia":[{"embeddable":true,"href":"https:\/\/www.deporteseli.com\/index.php?rest_route=\/wp\/v2\/media\/51646"}],"wp:attachment":[{"href":"https:\/\/www.deporteseli.com\/index.php?rest_route=%2Fwp%2Fv2%2Fmedia&parent=37121"}],"wp:term":[{"taxonomy":"product_brand","embeddable":true,"href":"https:\/\/www.deporteseli.com\/index.php?rest_route=%2Fwp%2Fv2%2Fproduct_brand&post=37121"},{"taxonomy":"product_cat","embeddable":true,"href":"https:\/\/www.deporteseli.com\/index.php?rest_route=%2Fwp%2Fv2%2Fproduct_cat&post=37121"},{"taxonomy":"product_tag","embeddable":true,"href":"https:\/\/www.deporteseli.com\/index.php?rest_route=%2Fwp%2Fv2%2Fproduct_tag&post=37121"}],"curies":[{"name":"wp","href":"https:\/\/api.w.org\/{rel}","templated":true}]}}