{"id":37119,"date":"2026-01-27T17:34:09","date_gmt":"2026-01-27T17:34:09","guid":{"rendered":"https:\/\/www.deporteseli.com\/?product=short-puma-586706-06"},"modified":"2026-03-07T05:19:35","modified_gmt":"2026-03-07T05:19:35","slug":"short-puma-586706-06","status":"publish","type":"product","link":"https:\/\/www.deporteseli.com\/?product=short-puma-586706-06","title":{"rendered":"SHORT PUMA 586706-06"},"content":{"rendered":"<p>HISTORIA DEL PRODUCTO  El estilo deportivo y la comodidad suprema se a\u00fanan en estos shorts de tejido de punto de la gama Essentials de PUMA. Elaborados en puro algod\u00f3n, incorporan una cinturilla el\u00e1stica con cord\u00f3n interno regulable para un ajuste personalizado.  CARACTER\u00cdSTICAS   BENEFICIOS  BCI: Al comprar productos de algod\u00f3n de PUMA, apoyas una producci\u00f3n m\u00e1s sostenible de algod\u00f3n mediante la Iniciativa del Mejor Algod\u00f3n (Better Cotton Initiative). M\u00e1s informaci\u00f3n en: bettercotton.org\/massbalance  DETALLES  Corte normal  Pr\u00e1cticos bolsillos laterales para guardar tus pertenencias  Cinturilla el\u00e1stica con cord\u00f3n de ajuste interior para un confort personalizado  Estampado del logotipo PUMA N.\u00ba 1 de goma en la pierna izquierda  Algod\u00f3n 100 %  Composici\u00f3n  Exterior: 100% Algod\u00f3n                                                                                                                                                                                                                                                                                                                                                                                                                                                                                                                                                                                                                                                                                                                                                                                                                                                                                                                                                                                                                                        <\/p>\n","protected":false},"excerpt":{"rendered":"<p>SHORT PUMA 586706-06<\/p>\n","protected":false},"featured_media":51644,"template":"","meta":[],"product_brand":[],"product_cat":[250],"product_tag":[32],"class_list":{"0":"post-37119","1":"product","2":"type-product","3":"status-publish","4":"has-post-thumbnail","6":"product_cat-hombre_textil_bermudas","7":"product_tag-puma","8":"pa_color-unico","9":"pa_talla-s","10":"thunk-woo-product-list","11":"opn-qv-enable","12":"open-woo-hover-","13":"open-single-product-tab-horizontal","14":"open-shadow-","15":"open-shadow-hover-","17":"first","18":"instock","19":"shipping-taxable","20":"purchasable","21":"product-type-variable"},"jetpack_sharing_enabled":true,"_links":{"self":[{"href":"https:\/\/www.deporteseli.com\/index.php?rest_route=\/wp\/v2\/product\/37119","targetHints":{"allow":["GET"]}}],"collection":[{"href":"https:\/\/www.deporteseli.com\/index.php?rest_route=\/wp\/v2\/product"}],"about":[{"href":"https:\/\/www.deporteseli.com\/index.php?rest_route=\/wp\/v2\/types\/product"}],"wp:featuredmedia":[{"embeddable":true,"href":"https:\/\/www.deporteseli.com\/index.php?rest_route=\/wp\/v2\/media\/51644"}],"wp:attachment":[{"href":"https:\/\/www.deporteseli.com\/index.php?rest_route=%2Fwp%2Fv2%2Fmedia&parent=37119"}],"wp:term":[{"taxonomy":"product_brand","embeddable":true,"href":"https:\/\/www.deporteseli.com\/index.php?rest_route=%2Fwp%2Fv2%2Fproduct_brand&post=37119"},{"taxonomy":"product_cat","embeddable":true,"href":"https:\/\/www.deporteseli.com\/index.php?rest_route=%2Fwp%2Fv2%2Fproduct_cat&post=37119"},{"taxonomy":"product_tag","embeddable":true,"href":"https:\/\/www.deporteseli.com\/index.php?rest_route=%2Fwp%2Fv2%2Fproduct_tag&post=37119"}],"curies":[{"name":"wp","href":"https:\/\/api.w.org\/{rel}","templated":true}]}}