{"id":37114,"date":"2026-01-27T17:33:48","date_gmt":"2026-01-27T17:33:48","guid":{"rendered":"https:\/\/www.deporteseli.com\/?product=cholas-champion-s31858"},"modified":"2026-01-27T17:33:56","modified_gmt":"2026-01-27T17:33:56","slug":"cholas-champion-s31858","status":"publish","type":"product","link":"https:\/\/www.deporteseli.com\/?product=cholas-champion-s31858","title":{"rendered":"CHOLAS CHAMPION S31858"},"content":{"rendered":"<p>DETALLES DE PRODUCTO  Material y cuidados  Superior: Material &#8211; Material de alta calidad  Contiene partes no textiles de origen animal: No  \u00danico: material de alta calidad  Plantilla: Material sint\u00e9tico  Recubrimiento: Material sint\u00e9tico  Dise\u00f1o y Estilo  Color: Azul  Tipo de suela: Departamento  Tipo de cierre: Ponerse  Dedos de los zapatos: Abierto  Plantillas extra\u00edbles: No  Tama\u00f1o y ajuste  Grosor de la suela: 2cm  Peso del zapato (talla m\u00e1s peque\u00f1a): 62 gramos  Altura total: 5cm  Detalles de producto  Marca: Campe\u00f3n  Modelo: Daytona B PS S31858-S21-BS002                                                                                                                                                                                                                                                                                                                                                                                                                                                                                                                                                                                                                                                                                                                                                                                                                                                                                                                                                                                                                                        <\/p>\n","protected":false},"excerpt":{"rendered":"<p>CHOLAS CHAMPION S31858<\/p>\n","protected":false},"featured_media":51638,"template":"","meta":[],"product_brand":[],"product_cat":[314],"product_tag":[51],"class_list":{"0":"post-37114","1":"product","2":"type-product","3":"status-publish","4":"has-post-thumbnail","6":"product_cat-nino_calzado_cholas","7":"product_tag-champion","8":"pa_color-unico","9":"pa_talla-125","10":"pa_talla-131","11":"thunk-woo-product-list","12":"opn-qv-enable","13":"open-woo-hover-","14":"open-single-product-tab-horizontal","15":"open-shadow-","16":"open-shadow-hover-","18":"first","19":"instock","20":"shipping-taxable","21":"purchasable","22":"product-type-variable"},"jetpack_sharing_enabled":true,"_links":{"self":[{"href":"https:\/\/www.deporteseli.com\/index.php?rest_route=\/wp\/v2\/product\/37114","targetHints":{"allow":["GET"]}}],"collection":[{"href":"https:\/\/www.deporteseli.com\/index.php?rest_route=\/wp\/v2\/product"}],"about":[{"href":"https:\/\/www.deporteseli.com\/index.php?rest_route=\/wp\/v2\/types\/product"}],"wp:featuredmedia":[{"embeddable":true,"href":"https:\/\/www.deporteseli.com\/index.php?rest_route=\/wp\/v2\/media\/51638"}],"wp:attachment":[{"href":"https:\/\/www.deporteseli.com\/index.php?rest_route=%2Fwp%2Fv2%2Fmedia&parent=37114"}],"wp:term":[{"taxonomy":"product_brand","embeddable":true,"href":"https:\/\/www.deporteseli.com\/index.php?rest_route=%2Fwp%2Fv2%2Fproduct_brand&post=37114"},{"taxonomy":"product_cat","embeddable":true,"href":"https:\/\/www.deporteseli.com\/index.php?rest_route=%2Fwp%2Fv2%2Fproduct_cat&post=37114"},{"taxonomy":"product_tag","embeddable":true,"href":"https:\/\/www.deporteseli.com\/index.php?rest_route=%2Fwp%2Fv2%2Fproduct_tag&post=37114"}],"curies":[{"name":"wp","href":"https:\/\/api.w.org\/{rel}","templated":true}]}}