{"id":37101,"date":"2026-01-27T17:33:05","date_gmt":"2026-01-27T17:33:05","guid":{"rendered":"https:\/\/www.deporteseli.com\/?product=short-champion-114916"},"modified":"2026-01-27T17:33:16","modified_gmt":"2026-01-27T17:33:16","slug":"short-champion-114916","status":"publish","type":"product","link":"https:\/\/www.deporteseli.com\/?product=short-champion-114916","title":{"rendered":"SHORT CHAMPION 114916"},"content":{"rendered":"<p>El pantal\u00f3n corto Champion Constrast Piping Logo para mujer est\u00e1 confeccionado en suave algod\u00f3n que le aportar\u00e1 una comodidad inigualable en sus actividades diarias. Tiene el logo de la marca en peque\u00f1o en la parte superior del muslo izquierdo.    Caracter\u00edsticas:  &#8211; Cintura el\u00e1stica  &#8211; Logo en el muslo izquierdo  &#8211; Material: 100% Algod\u00f3n                                                                                                                                                                                                                                                                                                                                                                                                                                                                                                                                                                                                                                                                                                                                                                                                                                                                                                                                                                                                                                        <\/p>\n","protected":false},"excerpt":{"rendered":"<p>SHORT CHAMPION 114916<\/p>\n","protected":false},"featured_media":51635,"template":"","meta":[],"product_brand":[],"product_cat":[277],"product_tag":[51],"class_list":{"0":"post-37101","1":"product","2":"type-product","3":"status-publish","4":"has-post-thumbnail","6":"product_cat-mujer_textil_shorts","7":"product_tag-champion","8":"pa_color-unico","9":"pa_talla-m","10":"pa_talla-s","11":"pa_talla-xl","12":"thunk-woo-product-list","13":"opn-qv-enable","14":"open-woo-hover-","15":"open-single-product-tab-horizontal","16":"open-shadow-","17":"open-shadow-hover-","19":"first","20":"instock","21":"shipping-taxable","22":"purchasable","23":"product-type-variable"},"jetpack_sharing_enabled":true,"_links":{"self":[{"href":"https:\/\/www.deporteseli.com\/index.php?rest_route=\/wp\/v2\/product\/37101","targetHints":{"allow":["GET"]}}],"collection":[{"href":"https:\/\/www.deporteseli.com\/index.php?rest_route=\/wp\/v2\/product"}],"about":[{"href":"https:\/\/www.deporteseli.com\/index.php?rest_route=\/wp\/v2\/types\/product"}],"wp:featuredmedia":[{"embeddable":true,"href":"https:\/\/www.deporteseli.com\/index.php?rest_route=\/wp\/v2\/media\/51635"}],"wp:attachment":[{"href":"https:\/\/www.deporteseli.com\/index.php?rest_route=%2Fwp%2Fv2%2Fmedia&parent=37101"}],"wp:term":[{"taxonomy":"product_brand","embeddable":true,"href":"https:\/\/www.deporteseli.com\/index.php?rest_route=%2Fwp%2Fv2%2Fproduct_brand&post=37101"},{"taxonomy":"product_cat","embeddable":true,"href":"https:\/\/www.deporteseli.com\/index.php?rest_route=%2Fwp%2Fv2%2Fproduct_cat&post=37101"},{"taxonomy":"product_tag","embeddable":true,"href":"https:\/\/www.deporteseli.com\/index.php?rest_route=%2Fwp%2Fv2%2Fproduct_tag&post=37101"}],"curies":[{"name":"wp","href":"https:\/\/api.w.org\/{rel}","templated":true}]}}