{"id":37099,"date":"2026-01-27T17:32:59","date_gmt":"2026-01-27T17:32:59","guid":{"rendered":"https:\/\/www.deporteseli.com\/?product=polos-champion-marino-blanco-2-unidades"},"modified":"2026-01-27T17:33:03","modified_gmt":"2026-01-27T17:33:03","slug":"polos-champion-marino-blanco-2-unidades","status":"publish","type":"product","link":"https:\/\/www.deporteseli.com\/?product=polos-champion-marino-blanco-2-unidades","title":{"rendered":"POLOS CHAMPION MARINO BLANCO (2 UNIDADES)"},"content":{"rendered":"<p>El polo de manga corta Champion Gallery Legacy le dar\u00e1 a tu look urbano un estilo m\u00e1s sofisticado y elegante. Una prenda que siempre queda bien, en cualquier circunstancia y en cualquier lugar    Caracter\u00edsticas:  &#8211; Cuello abotonado  &#8211; Logo bordado en el pecho  &#8211; Corte regular                                                                                                                                                                                                                                                                                                                                                                                                                                                                                                                                                                                                                                                                                                                                                                                                                                                                                                                                                                                                                                        <\/p>\n","protected":false},"excerpt":{"rendered":"<p>POLOS CHAMPION MARINO BLANCO (2 UNIDADES)<\/p>\n","protected":false},"featured_media":51634,"template":"","meta":[],"product_brand":[],"product_cat":[245],"product_tag":[51],"class_list":{"0":"post-37099","1":"product","2":"type-product","3":"status-publish","4":"has-post-thumbnail","6":"product_cat-hombre_textil_camisetas","7":"product_tag-champion","8":"pa_color-unico","9":"pa_talla-s","10":"thunk-woo-product-list","11":"opn-qv-enable","12":"open-woo-hover-","13":"open-single-product-tab-horizontal","14":"open-shadow-","15":"open-shadow-hover-","17":"first","18":"instock","19":"shipping-taxable","20":"purchasable","21":"product-type-variable"},"jetpack_sharing_enabled":true,"_links":{"self":[{"href":"https:\/\/www.deporteseli.com\/index.php?rest_route=\/wp\/v2\/product\/37099","targetHints":{"allow":["GET"]}}],"collection":[{"href":"https:\/\/www.deporteseli.com\/index.php?rest_route=\/wp\/v2\/product"}],"about":[{"href":"https:\/\/www.deporteseli.com\/index.php?rest_route=\/wp\/v2\/types\/product"}],"wp:featuredmedia":[{"embeddable":true,"href":"https:\/\/www.deporteseli.com\/index.php?rest_route=\/wp\/v2\/media\/51634"}],"wp:attachment":[{"href":"https:\/\/www.deporteseli.com\/index.php?rest_route=%2Fwp%2Fv2%2Fmedia&parent=37099"}],"wp:term":[{"taxonomy":"product_brand","embeddable":true,"href":"https:\/\/www.deporteseli.com\/index.php?rest_route=%2Fwp%2Fv2%2Fproduct_brand&post=37099"},{"taxonomy":"product_cat","embeddable":true,"href":"https:\/\/www.deporteseli.com\/index.php?rest_route=%2Fwp%2Fv2%2Fproduct_cat&post=37099"},{"taxonomy":"product_tag","embeddable":true,"href":"https:\/\/www.deporteseli.com\/index.php?rest_route=%2Fwp%2Fv2%2Fproduct_tag&post=37099"}],"curies":[{"name":"wp","href":"https:\/\/api.w.org\/{rel}","templated":true}]}}