{"id":37089,"date":"2026-01-27T17:32:31","date_gmt":"2026-01-27T17:32:31","guid":{"rendered":"https:\/\/www.deporteseli.com\/?product=nike-sportswear-gimnasio-vintage"},"modified":"2026-01-27T17:32:41","modified_gmt":"2026-01-27T17:32:41","slug":"nike-sportswear-gimnasio-vintage","status":"publish","type":"product","link":"https:\/\/www.deporteseli.com\/?product=nike-sportswear-gimnasio-vintage","title":{"rendered":"NIKE SPORTSWEAR GIMNASIO VINTAGE"},"content":{"rendered":"<p>Sobre la base de los detalles que transforman los b\u00e1sicos en favoritos, hemos actualizado estos pantalones cortos que recuerdan a la clase de educaci\u00f3n f\u00edsica con un tejido de punto de algod\u00f3n cortado. Liso y suave, este tejido de punto est\u00e1 acentuado con motas de color, creando cambios sutiles en el tono para una apariencia nevada y vintage. Este producto est\u00e1 fabricado con al menos un 75 % de materiales sostenibles, utilizando una mezcla de poli\u00e9ster reciclado y fibras de algod\u00f3n org\u00e1nico. La mezcla es al menos un 10 % de fibras recicladas o al menos un 10 % de fibras de algod\u00f3n org\u00e1nico.                                                                                                                                                                                                                                                                                                                                                                                                                                                                                                                                                                                                                                                                                                                                                                                                                                                                                                                                                                                                                                        <\/p>\n","protected":false},"excerpt":{"rendered":"<p>NIKE SPORTSWEAR GIMNASIO VINTAGE<\/p>\n","protected":false},"featured_media":51626,"template":"","meta":[],"product_brand":[],"product_cat":[277],"product_tag":[37],"class_list":{"0":"post-37089","1":"product","2":"type-product","3":"status-publish","4":"has-post-thumbnail","6":"product_cat-mujer_textil_shorts","7":"product_tag-nike","8":"pa_color-unico","9":"pa_talla-m","10":"pa_talla-s","11":"pa_talla-xs","12":"thunk-woo-product-list","13":"opn-qv-enable","14":"open-woo-hover-","15":"open-single-product-tab-horizontal","16":"open-shadow-","17":"open-shadow-hover-","19":"first","20":"instock","21":"shipping-taxable","22":"purchasable","23":"product-type-variable"},"jetpack_sharing_enabled":true,"_links":{"self":[{"href":"https:\/\/www.deporteseli.com\/index.php?rest_route=\/wp\/v2\/product\/37089","targetHints":{"allow":["GET"]}}],"collection":[{"href":"https:\/\/www.deporteseli.com\/index.php?rest_route=\/wp\/v2\/product"}],"about":[{"href":"https:\/\/www.deporteseli.com\/index.php?rest_route=\/wp\/v2\/types\/product"}],"wp:featuredmedia":[{"embeddable":true,"href":"https:\/\/www.deporteseli.com\/index.php?rest_route=\/wp\/v2\/media\/51626"}],"wp:attachment":[{"href":"https:\/\/www.deporteseli.com\/index.php?rest_route=%2Fwp%2Fv2%2Fmedia&parent=37089"}],"wp:term":[{"taxonomy":"product_brand","embeddable":true,"href":"https:\/\/www.deporteseli.com\/index.php?rest_route=%2Fwp%2Fv2%2Fproduct_brand&post=37089"},{"taxonomy":"product_cat","embeddable":true,"href":"https:\/\/www.deporteseli.com\/index.php?rest_route=%2Fwp%2Fv2%2Fproduct_cat&post=37089"},{"taxonomy":"product_tag","embeddable":true,"href":"https:\/\/www.deporteseli.com\/index.php?rest_route=%2Fwp%2Fv2%2Fproduct_tag&post=37089"}],"curies":[{"name":"wp","href":"https:\/\/api.w.org\/{rel}","templated":true}]}}