{"id":37082,"date":"2026-01-27T17:32:18","date_gmt":"2026-01-27T17:32:18","guid":{"rendered":"https:\/\/www.deporteseli.com\/?product=zapatilla-tensaur-run"},"modified":"2026-01-27T17:32:22","modified_gmt":"2026-01-27T17:32:22","slug":"zapatilla-tensaur-run","status":"publish","type":"product","link":"https:\/\/www.deporteseli.com\/?product=zapatilla-tensaur-run","title":{"rendered":"ZAPATILLA TENSAUR RUN"},"content":{"rendered":"<p>ZAPATILLA TENSAUR RUN  DIVERSI\u00d3N Y COMODIDAD GARANTIZADAS  Esta zapatilla adidas presenta un c\u00f3modo cierre de velcro que te permite calzar y descalzar a tu peque en tiempo r\u00e9cord. La suela de EVA le proporciona la sujeci\u00f3n que necesita para jugar, gatear y dar sus primeros pasos. Da la bienvenida a su nueva compa\u00f1era de aventuras.    Este producto se ha fabricado con diferentes materiales t\u00e9cnicos y contiene al menos un 50% de material reciclado. Su objetivo es plantear otra soluci\u00f3n m\u00e1s que ayude a eliminar los residuos pl\u00e1sticos.  DETALLES  Horma cl\u00e1sica  Cierre de velcro  Parte superior con paneles de malla  Forro textil  Ojales reforzados  Suela de EVA de una sola pieza  La parte superior contiene al menos un 50% de material reciclado  Color del art\u00edculo: Dark Blue \/ Core White \/ Pulse Lime  N\u00famero de art\u00edculo: GZ5855                                                                                                                                                                                                                                                                                                                                                                                                                                                                                                                                                                                                                                                                                                                                                                                                                                                                                                                                                                                                                                        <\/p>\n","protected":false},"excerpt":{"rendered":"<p>ZAPATILLA TENSAUR RUN<\/p>\n","protected":false},"featured_media":51620,"template":"","meta":[],"product_brand":[],"product_cat":[308],"product_tag":[18],"class_list":{"0":"post-37082","1":"product","2":"type-product","3":"status-publish","4":"has-post-thumbnail","6":"product_cat-nino_calzado_running","7":"product_tag-adidas","8":"pa_color-unico","9":"pa_talla-115","10":"pa_talla-t-21","11":"thunk-woo-product-list","12":"opn-qv-enable","13":"open-woo-hover-","14":"open-single-product-tab-horizontal","15":"open-shadow-","16":"open-shadow-hover-","18":"first","19":"instock","20":"sale","21":"shipping-taxable","22":"purchasable","23":"product-type-variable"},"jetpack_sharing_enabled":true,"_links":{"self":[{"href":"https:\/\/www.deporteseli.com\/index.php?rest_route=\/wp\/v2\/product\/37082","targetHints":{"allow":["GET"]}}],"collection":[{"href":"https:\/\/www.deporteseli.com\/index.php?rest_route=\/wp\/v2\/product"}],"about":[{"href":"https:\/\/www.deporteseli.com\/index.php?rest_route=\/wp\/v2\/types\/product"}],"wp:featuredmedia":[{"embeddable":true,"href":"https:\/\/www.deporteseli.com\/index.php?rest_route=\/wp\/v2\/media\/51620"}],"wp:attachment":[{"href":"https:\/\/www.deporteseli.com\/index.php?rest_route=%2Fwp%2Fv2%2Fmedia&parent=37082"}],"wp:term":[{"taxonomy":"product_brand","embeddable":true,"href":"https:\/\/www.deporteseli.com\/index.php?rest_route=%2Fwp%2Fv2%2Fproduct_brand&post=37082"},{"taxonomy":"product_cat","embeddable":true,"href":"https:\/\/www.deporteseli.com\/index.php?rest_route=%2Fwp%2Fv2%2Fproduct_cat&post=37082"},{"taxonomy":"product_tag","embeddable":true,"href":"https:\/\/www.deporteseli.com\/index.php?rest_route=%2Fwp%2Fv2%2Fproduct_tag&post=37082"}],"curies":[{"name":"wp","href":"https:\/\/api.w.org\/{rel}","templated":true}]}}