{"id":37080,"date":"2026-01-27T17:32:14","date_gmt":"2026-01-27T17:32:14","guid":{"rendered":"https:\/\/www.deporteseli.com\/?product=banador-graphic"},"modified":"2026-01-27T17:32:17","modified_gmt":"2026-01-27T17:32:17","slug":"banador-graphic","status":"publish","type":"product","link":"https:\/\/www.deporteseli.com\/?product=banador-graphic","title":{"rendered":"BA\u00f1ADOR GRAPHIC"},"content":{"rendered":"<p>BA\u00d1ADOR GRAPHIC  CONFORT Y ESTILO DENTRO Y FUERA DEL AGUA  Destaca en las playas m\u00e1s concurridas con este ba\u00f1ador adidas. Su tejido suave, ligero y resistente al cloro te ofrece una gran comodidad mientras nadas o juegas al v\u00f3ley-playa. El estampado geom\u00e9trico con el logotipo de adidas le confiere un estilo audaz.    Este producto se ha fabricado con un 100% de material reciclado. Su objetivo es plantear otra soluci\u00f3n m\u00e1s que ayude a eliminar los residuos pl\u00e1sticos..  DETALLES  Pernera muy corta: 34 cm (talla M)  Cintura el\u00e1stica con cord\u00f3n interior  Tejido t\u00e9cnico 100% poli\u00e9ster reciclado  Tacto suave  Bolsillos laterales de malla  Calzoncillo interior de malla  Resistente al cloro  Material ligero de secado r\u00e1pido sin fluorocarbonos  Color del art\u00edculo: Black \/ White  N\u00famero de art\u00edculo: HA3312                                                                                                                                                                                                                                                                                                                                                                                                                                                                                                                                                                                                                                                                                                                                                                                                                                                                                                                                                                                                                                        <\/p>\n","protected":false},"excerpt":{"rendered":"<p>BA\u00f1ADOR GRAPHIC<\/p>\n","protected":false},"featured_media":51617,"template":"","meta":[],"product_brand":[],"product_cat":[251],"product_tag":[18],"class_list":{"0":"post-37080","1":"product","2":"type-product","3":"status-publish","4":"has-post-thumbnail","6":"product_cat-hombre_textil_shorts","7":"product_tag-adidas","8":"pa_color-unico","9":"pa_talla-s","10":"thunk-woo-product-list","11":"opn-qv-enable","12":"open-woo-hover-","13":"open-single-product-tab-horizontal","14":"open-shadow-","15":"open-shadow-hover-","17":"first","18":"instock","19":"shipping-taxable","20":"purchasable","21":"product-type-variable"},"jetpack_sharing_enabled":true,"_links":{"self":[{"href":"https:\/\/www.deporteseli.com\/index.php?rest_route=\/wp\/v2\/product\/37080","targetHints":{"allow":["GET"]}}],"collection":[{"href":"https:\/\/www.deporteseli.com\/index.php?rest_route=\/wp\/v2\/product"}],"about":[{"href":"https:\/\/www.deporteseli.com\/index.php?rest_route=\/wp\/v2\/types\/product"}],"wp:featuredmedia":[{"embeddable":true,"href":"https:\/\/www.deporteseli.com\/index.php?rest_route=\/wp\/v2\/media\/51617"}],"wp:attachment":[{"href":"https:\/\/www.deporteseli.com\/index.php?rest_route=%2Fwp%2Fv2%2Fmedia&parent=37080"}],"wp:term":[{"taxonomy":"product_brand","embeddable":true,"href":"https:\/\/www.deporteseli.com\/index.php?rest_route=%2Fwp%2Fv2%2Fproduct_brand&post=37080"},{"taxonomy":"product_cat","embeddable":true,"href":"https:\/\/www.deporteseli.com\/index.php?rest_route=%2Fwp%2Fv2%2Fproduct_cat&post=37080"},{"taxonomy":"product_tag","embeddable":true,"href":"https:\/\/www.deporteseli.com\/index.php?rest_route=%2Fwp%2Fv2%2Fproduct_tag&post=37080"}],"curies":[{"name":"wp","href":"https:\/\/api.w.org\/{rel}","templated":true}]}}