{"id":37003,"date":"2026-01-27T17:29:45","date_gmt":"2026-01-27T17:29:45","guid":{"rendered":"https:\/\/www.deporteseli.com\/?product=bermuda-nemonce-grey"},"modified":"2026-01-27T17:29:48","modified_gmt":"2026-01-27T17:29:48","slug":"bermuda-nemonce-grey","status":"publish","type":"product","link":"https:\/\/www.deporteseli.com\/?product=bermuda-nemonce-grey","title":{"rendered":"BERMUDA NEMONCE GREY"},"content":{"rendered":"<p>Bermuda deportiva para hombre, con un dise\u00f1o desenfadado y juvenil.  Ideal para la pr\u00e1ctica deportiva o para un look c\u00f3modo.  50% Algod\u00f3n French Terry, 50% Poli\u00e9ster  Cierre: Gancho y bucle, Cord\u00f3n ajustable  Cinturilla el\u00e1stica con cord\u00f3n para un ajuste perfecto.  Bolsillos laterales abiertos para un m\u00e1ximo conforto.  Bolsillo trasero sin cierre, para que nada te moleste mientras haces deporte.                                                                                                                                                                                                                                                                                                                                                                                                                                                                                                                                                                                                                                                                                                                                                                                                                                                                                                                                                                                                                                        <\/p>\n","protected":false},"excerpt":{"rendered":"<p>BERMUDA NEMONCE GREY<\/p>\n","protected":false},"featured_media":51585,"template":"","meta":[],"product_brand":[],"product_cat":[250],"product_tag":[58],"class_list":{"0":"post-37003","1":"product","2":"type-product","3":"status-publish","4":"has-post-thumbnail","6":"product_cat-hombre_textil_bermudas","7":"product_tag-alphadventure","8":"pa_color-unico","9":"pa_talla-l","10":"pa_talla-m","11":"thunk-woo-product-list","12":"opn-qv-enable","13":"open-woo-hover-","14":"open-single-product-tab-horizontal","15":"open-shadow-","16":"open-shadow-hover-","18":"first","19":"instock","20":"shipping-taxable","21":"purchasable","22":"product-type-variable"},"jetpack_sharing_enabled":true,"_links":{"self":[{"href":"https:\/\/www.deporteseli.com\/index.php?rest_route=\/wp\/v2\/product\/37003","targetHints":{"allow":["GET"]}}],"collection":[{"href":"https:\/\/www.deporteseli.com\/index.php?rest_route=\/wp\/v2\/product"}],"about":[{"href":"https:\/\/www.deporteseli.com\/index.php?rest_route=\/wp\/v2\/types\/product"}],"wp:featuredmedia":[{"embeddable":true,"href":"https:\/\/www.deporteseli.com\/index.php?rest_route=\/wp\/v2\/media\/51585"}],"wp:attachment":[{"href":"https:\/\/www.deporteseli.com\/index.php?rest_route=%2Fwp%2Fv2%2Fmedia&parent=37003"}],"wp:term":[{"taxonomy":"product_brand","embeddable":true,"href":"https:\/\/www.deporteseli.com\/index.php?rest_route=%2Fwp%2Fv2%2Fproduct_brand&post=37003"},{"taxonomy":"product_cat","embeddable":true,"href":"https:\/\/www.deporteseli.com\/index.php?rest_route=%2Fwp%2Fv2%2Fproduct_cat&post=37003"},{"taxonomy":"product_tag","embeddable":true,"href":"https:\/\/www.deporteseli.com\/index.php?rest_route=%2Fwp%2Fv2%2Fproduct_tag&post=37003"}],"curies":[{"name":"wp","href":"https:\/\/api.w.org\/{rel}","templated":true}]}}