{"id":37000,"date":"2026-01-27T17:29:41","date_gmt":"2026-01-27T17:29:41","guid":{"rendered":"https:\/\/www.deporteseli.com\/?product=banador-wording"},"modified":"2026-01-27T17:29:44","modified_gmt":"2026-01-27T17:29:44","slug":"banador-wording","status":"publish","type":"product","link":"https:\/\/www.deporteseli.com\/?product=banador-wording","title":{"rendered":"BA\u00f1ADOR WORDING"},"content":{"rendered":"<p>BA\u00d1ADOR WORDING  CONFORT Y COBERTURA DENTRO Y FUERA DEL AGUA  Los imprescindibles nunca fallan. Ponte este ba\u00f1ador adidas para tus partidos de v\u00f3ley playa o perfeccionar tus habilidades de bodysurf. Se ha confeccionado en un tejido t\u00e9cnico ligero y de secado r\u00e1pido que te permite moverte con libertad dentro y fuera del agua. El calzoncillo de malla integrado ofrece mayor confort y cobertura.    Este producto se ha fabricado con un 100% de material reciclado. Su objetivo es plantear otra soluci\u00f3n m\u00e1s que ayude a eliminar los residuos pl\u00e1sticos.  DETALLES  Longitud: 40 cm (talla M)  Cintura el\u00e1stica con cord\u00f3n interior  Tejido t\u00e9cnico 100% poli\u00e9ster reciclado  Tacto suave  Bolsillos laterales de malla  Calzoncillo interior de malla  Resistente al cloro  Material ligero de secado r\u00e1pido sin fluorocarbonos  Color del art\u00edculo: Mint Rush  N\u00famero de art\u00edculo: HA0409                                                                                                                                                                                                                                                                                                                                                                                                                                                                                                                                                                                                                                                                                                                                                                                                                                                                                                                                                                                                                                        <\/p>\n","protected":false},"excerpt":{"rendered":"<p>BA\u00f1ADOR WORDING<\/p>\n","protected":false},"featured_media":51581,"template":"","meta":[],"product_brand":[],"product_cat":[246],"product_tag":[18],"class_list":{"0":"post-37000","1":"product","2":"type-product","3":"status-publish","4":"has-post-thumbnail","6":"product_cat-hombre_textil_banadores","7":"product_tag-adidas","8":"pa_color-unico","9":"pa_talla-l","10":"pa_talla-m","11":"thunk-woo-product-list","12":"opn-qv-enable","13":"open-woo-hover-","14":"open-single-product-tab-horizontal","15":"open-shadow-","16":"open-shadow-hover-","18":"first","19":"instock","20":"shipping-taxable","21":"purchasable","22":"product-type-variable"},"jetpack_sharing_enabled":true,"_links":{"self":[{"href":"https:\/\/www.deporteseli.com\/index.php?rest_route=\/wp\/v2\/product\/37000","targetHints":{"allow":["GET"]}}],"collection":[{"href":"https:\/\/www.deporteseli.com\/index.php?rest_route=\/wp\/v2\/product"}],"about":[{"href":"https:\/\/www.deporteseli.com\/index.php?rest_route=\/wp\/v2\/types\/product"}],"wp:featuredmedia":[{"embeddable":true,"href":"https:\/\/www.deporteseli.com\/index.php?rest_route=\/wp\/v2\/media\/51581"}],"wp:attachment":[{"href":"https:\/\/www.deporteseli.com\/index.php?rest_route=%2Fwp%2Fv2%2Fmedia&parent=37000"}],"wp:term":[{"taxonomy":"product_brand","embeddable":true,"href":"https:\/\/www.deporteseli.com\/index.php?rest_route=%2Fwp%2Fv2%2Fproduct_brand&post=37000"},{"taxonomy":"product_cat","embeddable":true,"href":"https:\/\/www.deporteseli.com\/index.php?rest_route=%2Fwp%2Fv2%2Fproduct_cat&post=37000"},{"taxonomy":"product_tag","embeddable":true,"href":"https:\/\/www.deporteseli.com\/index.php?rest_route=%2Fwp%2Fv2%2Fproduct_tag&post=37000"}],"curies":[{"name":"wp","href":"https:\/\/api.w.org\/{rel}","templated":true}]}}