{"id":36989,"date":"2026-01-27T17:29:07","date_gmt":"2026-01-27T17:29:07","guid":{"rendered":"https:\/\/www.deporteseli.com\/?product=short-puma-848578-32"},"modified":"2026-01-27T17:29:17","modified_gmt":"2026-01-27T17:29:17","slug":"short-puma-848578-32","status":"publish","type":"product","link":"https:\/\/www.deporteseli.com\/?product=short-puma-848578-32","title":{"rendered":"SHORT PUMA 848578-32"},"content":{"rendered":"<p>HISTORIA DEL PRODUCTO  Estos shorts ligeros seguramente se convertir\u00e1n en tu b\u00e1sico de verano. Confeccionada con materiales reciclados y con un estilo informal y vers\u00e1til, y calzoncillos interiores integrados para una comodidad f\u00e1cil y sin complicaciones, no solo te ver\u00e1s bien, sino que tambi\u00e9n te sentir\u00e1s bien.  CARACTER\u00cdSTICAS Y BENEFICIOS  Contiene Material Reciclado: Fabricado con fibras recicladas. Una de las respuestas de PUMA para reducir nuestro impacto ambiental.  DETALLES  Corte normal  5  de largo  Cintura el\u00e1stica con cord\u00f3n interior para un ajuste regulable  Bolsillos laterales con costura y bolsillo trasero para una soluci\u00f3n de almacenamiento segura  Bolsillo interior para llaves  Calzoncillo interior integrado para mayor comodidad.  Estampado de goma en la pierna izquierda  Material de informaci\u00f3n  Bolsa de bolsillo: 100% poli\u00e9ster  Exterior: 100% poli\u00e9ster                                                                                                                                                                                                                                                                                                                                                                                                                                                                                                                                                                                                                                                                                                                                                                                                                                                                                                                                                                                                                                        <\/p>\n","protected":false},"excerpt":{"rendered":"<p>SHORT PUMA 848578-32<\/p>\n","protected":false},"featured_media":51568,"template":"","meta":[],"product_brand":[],"product_cat":[246],"product_tag":[32],"class_list":{"0":"post-36989","1":"product","2":"type-product","3":"status-publish","4":"has-post-thumbnail","6":"product_cat-hombre_textil_banadores","7":"product_tag-puma","8":"pa_color-unico","9":"pa_talla-l","10":"pa_talla-s","11":"pa_talla-xl","12":"thunk-woo-product-list","13":"opn-qv-enable","14":"open-woo-hover-","15":"open-single-product-tab-horizontal","16":"open-shadow-","17":"open-shadow-hover-","19":"first","20":"instock","21":"shipping-taxable","22":"purchasable","23":"product-type-variable"},"jetpack_sharing_enabled":true,"_links":{"self":[{"href":"https:\/\/www.deporteseli.com\/index.php?rest_route=\/wp\/v2\/product\/36989","targetHints":{"allow":["GET"]}}],"collection":[{"href":"https:\/\/www.deporteseli.com\/index.php?rest_route=\/wp\/v2\/product"}],"about":[{"href":"https:\/\/www.deporteseli.com\/index.php?rest_route=\/wp\/v2\/types\/product"}],"wp:featuredmedia":[{"embeddable":true,"href":"https:\/\/www.deporteseli.com\/index.php?rest_route=\/wp\/v2\/media\/51568"}],"wp:attachment":[{"href":"https:\/\/www.deporteseli.com\/index.php?rest_route=%2Fwp%2Fv2%2Fmedia&parent=36989"}],"wp:term":[{"taxonomy":"product_brand","embeddable":true,"href":"https:\/\/www.deporteseli.com\/index.php?rest_route=%2Fwp%2Fv2%2Fproduct_brand&post=36989"},{"taxonomy":"product_cat","embeddable":true,"href":"https:\/\/www.deporteseli.com\/index.php?rest_route=%2Fwp%2Fv2%2Fproduct_cat&post=36989"},{"taxonomy":"product_tag","embeddable":true,"href":"https:\/\/www.deporteseli.com\/index.php?rest_route=%2Fwp%2Fv2%2Fproduct_tag&post=36989"}],"curies":[{"name":"wp","href":"https:\/\/api.w.org\/{rel}","templated":true}]}}