{"id":36983,"date":"2026-01-27T17:28:51","date_gmt":"2026-01-27T17:28:51","guid":{"rendered":"https:\/\/www.deporteseli.com\/?product=short-puma-847325-11"},"modified":"2026-01-27T17:29:06","modified_gmt":"2026-01-27T17:29:06","slug":"short-puma-847325-11","status":"publish","type":"product","link":"https:\/\/www.deporteseli.com\/?product=short-puma-847325-11","title":{"rendered":"SHORT PUMA 847325-11"},"content":{"rendered":"<p>El pantal\u00f3n corto de Puma Woven es ideal para el verano, ya que su dise\u00f1o y tejido lo hacen ideal para usarlo en los d\u00edas m\u00e1 calurosos.    Ajuste est\u00e1ndar.  Cintura el\u00e1stica con cord\u00f3n ajustable en el interior.  Forro interior de malla.  Bolsillo interior de malla.  Bolsillos laterales.  Logotipo de Puma en la pierna izquierda.   Color: rojo  Composici\u00f3n: 100% poli\u00e9ster.                                                                                                                                                                                                                                                                                                                                                                                                                                                                                                                                                                                                                                                                                                                                                                                                                                                                                                                                                                                                                                        <\/p>\n","protected":false},"excerpt":{"rendered":"<p>SHORT PUMA 847325-11<\/p>\n","protected":false},"featured_media":51566,"template":"","meta":[],"product_brand":[],"product_cat":[246],"product_tag":[32],"class_list":{"0":"post-36983","1":"product","2":"type-product","3":"status-publish","4":"has-post-thumbnail","6":"product_cat-hombre_textil_banadores","7":"product_tag-puma","8":"pa_color-unico","9":"pa_talla-t-10","10":"pa_talla-t-12","11":"pa_talla-t-14","12":"pa_talla-t-16","13":"pa_talla-t-8","14":"thunk-woo-product-list","15":"opn-qv-enable","16":"open-woo-hover-","17":"open-single-product-tab-horizontal","18":"open-shadow-","19":"open-shadow-hover-","21":"first","22":"instock","23":"shipping-taxable","24":"purchasable","25":"product-type-variable"},"jetpack_sharing_enabled":true,"_links":{"self":[{"href":"https:\/\/www.deporteseli.com\/index.php?rest_route=\/wp\/v2\/product\/36983","targetHints":{"allow":["GET"]}}],"collection":[{"href":"https:\/\/www.deporteseli.com\/index.php?rest_route=\/wp\/v2\/product"}],"about":[{"href":"https:\/\/www.deporteseli.com\/index.php?rest_route=\/wp\/v2\/types\/product"}],"wp:featuredmedia":[{"embeddable":true,"href":"https:\/\/www.deporteseli.com\/index.php?rest_route=\/wp\/v2\/media\/51566"}],"wp:attachment":[{"href":"https:\/\/www.deporteseli.com\/index.php?rest_route=%2Fwp%2Fv2%2Fmedia&parent=36983"}],"wp:term":[{"taxonomy":"product_brand","embeddable":true,"href":"https:\/\/www.deporteseli.com\/index.php?rest_route=%2Fwp%2Fv2%2Fproduct_brand&post=36983"},{"taxonomy":"product_cat","embeddable":true,"href":"https:\/\/www.deporteseli.com\/index.php?rest_route=%2Fwp%2Fv2%2Fproduct_cat&post=36983"},{"taxonomy":"product_tag","embeddable":true,"href":"https:\/\/www.deporteseli.com\/index.php?rest_route=%2Fwp%2Fv2%2Fproduct_tag&post=36983"}],"curies":[{"name":"wp","href":"https:\/\/api.w.org\/{rel}","templated":true}]}}