{"id":36968,"date":"2026-01-27T17:28:04","date_gmt":"2026-01-27T17:28:04","guid":{"rendered":"https:\/\/www.deporteseli.com\/?product=short-puma-586971-03"},"modified":"2026-01-27T17:28:21","modified_gmt":"2026-01-27T17:28:21","slug":"short-puma-586971-03","status":"publish","type":"product","link":"https:\/\/www.deporteseli.com\/?product=short-puma-586971-03","title":{"rendered":"SHORT PUMA 586971-03"},"content":{"rendered":"<p>Pantalones cortos Puma para ni\u00f1os    No. 1 Logotipo estampado en goma Cintura el\u00e1stica con cord\u00f3n interno para una comodidad personalizada Bolsillos laterales para soluciones de almacenamiento Ajuste regular Confeccionado con algod\u00f3n de Better Cotton Initiative.    Material principal 1: 100 % algod\u00f3n BCI \u2013 jersey sencillo \u2013 240,00 g\/m\u00b2 \u2013 te\u00f1ido en pieza \u2013 te\u00f1ido: te\u00f1ido sencillo                                                                                                                                                                                                                                                                                                                                                                                                                                                                                                                                                                                                                                                                                                                                                                                                                                                                                                                                                                                                                                        <\/p>\n","protected":false},"excerpt":{"rendered":"<p>SHORT PUMA 586971-03<\/p>\n","protected":false},"featured_media":51561,"template":"","meta":[],"product_brand":[],"product_cat":[300],"product_tag":[32],"class_list":{"0":"post-36968","1":"product","2":"type-product","3":"status-publish","4":"has-post-thumbnail","6":"product_cat-nino_textil_shorts","7":"product_tag-puma","8":"pa_color-unico","9":"pa_talla-t-10","10":"pa_talla-t-16","11":"pa_talla-t-6","12":"pa_talla-t-8","13":"thunk-woo-product-list","14":"opn-qv-enable","15":"open-woo-hover-","16":"open-single-product-tab-horizontal","17":"open-shadow-","18":"open-shadow-hover-","20":"first","21":"instock","22":"shipping-taxable","23":"purchasable","24":"product-type-variable"},"jetpack_sharing_enabled":true,"_links":{"self":[{"href":"https:\/\/www.deporteseli.com\/index.php?rest_route=\/wp\/v2\/product\/36968","targetHints":{"allow":["GET"]}}],"collection":[{"href":"https:\/\/www.deporteseli.com\/index.php?rest_route=\/wp\/v2\/product"}],"about":[{"href":"https:\/\/www.deporteseli.com\/index.php?rest_route=\/wp\/v2\/types\/product"}],"wp:featuredmedia":[{"embeddable":true,"href":"https:\/\/www.deporteseli.com\/index.php?rest_route=\/wp\/v2\/media\/51561"}],"wp:attachment":[{"href":"https:\/\/www.deporteseli.com\/index.php?rest_route=%2Fwp%2Fv2%2Fmedia&parent=36968"}],"wp:term":[{"taxonomy":"product_brand","embeddable":true,"href":"https:\/\/www.deporteseli.com\/index.php?rest_route=%2Fwp%2Fv2%2Fproduct_brand&post=36968"},{"taxonomy":"product_cat","embeddable":true,"href":"https:\/\/www.deporteseli.com\/index.php?rest_route=%2Fwp%2Fv2%2Fproduct_cat&post=36968"},{"taxonomy":"product_tag","embeddable":true,"href":"https:\/\/www.deporteseli.com\/index.php?rest_route=%2Fwp%2Fv2%2Fproduct_tag&post=36968"}],"curies":[{"name":"wp","href":"https:\/\/api.w.org\/{rel}","templated":true}]}}