{"id":36965,"date":"2026-01-27T17:27:54","date_gmt":"2026-01-27T17:27:54","guid":{"rendered":"https:\/\/www.deporteseli.com\/?product=polo-puma-586674-06"},"modified":"2026-03-07T05:19:34","modified_gmt":"2026-03-07T05:19:34","slug":"polo-puma-586674-06","status":"publish","type":"product","link":"https:\/\/www.deporteseli.com\/?product=polo-puma-586674-06","title":{"rendered":"POLO PUMA 586674-06"},"content":{"rendered":"<p>Puma Polo Pique Essentials blanco    Polo b\u00e1sico de algod\u00f3n.  Cuello de solapa con ajuste de botones.  Manga corta.  Logotipo en pecho.    Material principal : 96% algod\u00f3n BCI, 4% elastano &#8211; piqu\u00e9 &#8211; 200,00 g \/ m\u00b2 &#8211; pieza te\u00f1ida &#8211; Absorci\u00f3n qu\u00edmica (de base biol\u00f3gica)  Canal\u00e9: 96% algod\u00f3n BCI, 4% elastano &#8211; Cuello y pu\u00f1os &#8211; 650,00 g \/ m\u00b2 &#8211; Te\u00f1ido en pieza &#8211; Qu\u00edmico &#8211; Acabado regular    Referencia: 586674-06  Producto 100% original                                                                                                                                                                                                                                                                                                                                                                                                                                                                                                                                                                                                                                                                                                                                                                                                                                                                                                                                                                                                                                        <\/p>\n","protected":false},"excerpt":{"rendered":"<p>POLO PUMA 586674-06<\/p>\n","protected":false},"featured_media":51559,"template":"","meta":[],"product_brand":[],"product_cat":[245],"product_tag":[32],"class_list":{"0":"post-36965","1":"product","2":"type-product","3":"status-publish","4":"has-post-thumbnail","6":"product_cat-hombre_textil_camisetas","7":"product_tag-puma","8":"pa_color-unico","9":"pa_talla-m","10":"pa_talla-xxl","11":"thunk-woo-product-list","12":"opn-qv-enable","13":"open-woo-hover-","14":"open-single-product-tab-horizontal","15":"open-shadow-","16":"open-shadow-hover-","18":"first","19":"instock","20":"shipping-taxable","21":"purchasable","22":"product-type-variable"},"jetpack_sharing_enabled":true,"_links":{"self":[{"href":"https:\/\/www.deporteseli.com\/index.php?rest_route=\/wp\/v2\/product\/36965","targetHints":{"allow":["GET"]}}],"collection":[{"href":"https:\/\/www.deporteseli.com\/index.php?rest_route=\/wp\/v2\/product"}],"about":[{"href":"https:\/\/www.deporteseli.com\/index.php?rest_route=\/wp\/v2\/types\/product"}],"wp:featuredmedia":[{"embeddable":true,"href":"https:\/\/www.deporteseli.com\/index.php?rest_route=\/wp\/v2\/media\/51559"}],"wp:attachment":[{"href":"https:\/\/www.deporteseli.com\/index.php?rest_route=%2Fwp%2Fv2%2Fmedia&parent=36965"}],"wp:term":[{"taxonomy":"product_brand","embeddable":true,"href":"https:\/\/www.deporteseli.com\/index.php?rest_route=%2Fwp%2Fv2%2Fproduct_brand&post=36965"},{"taxonomy":"product_cat","embeddable":true,"href":"https:\/\/www.deporteseli.com\/index.php?rest_route=%2Fwp%2Fv2%2Fproduct_cat&post=36965"},{"taxonomy":"product_tag","embeddable":true,"href":"https:\/\/www.deporteseli.com\/index.php?rest_route=%2Fwp%2Fv2%2Fproduct_tag&post=36965"}],"curies":[{"name":"wp","href":"https:\/\/api.w.org\/{rel}","templated":true}]}}