{"id":36943,"date":"2026-01-27T17:26:58","date_gmt":"2026-01-27T17:26:58","guid":{"rendered":"https:\/\/www.deporteseli.com\/?product=reebok-royal-classic-jogger"},"modified":"2026-01-27T17:27:00","modified_gmt":"2026-01-27T17:27:00","slug":"reebok-royal-classic-jogger","status":"publish","type":"product","link":"https:\/\/www.deporteseli.com\/?product=reebok-royal-classic-jogger","title":{"rendered":"REEBOK ROYAL CLASSIC JOGGER"},"content":{"rendered":"<p>REEBOK ROYAL CLASSIC JOGGER 3.0  UNA C\u00d3MODA ZAPATILLA CON UN LOOK RETRO-RUNNING DE ARCHIVO.  Estilo retro-running, una apuesta ganadora. Esta zapatilla de estilo ochentero luce un dise\u00f1o impecable y deportivo. Las franjas laterales en contraste le infunden un estilo genuinamente Reebok. Sus colores en tonos oscuros neutros le dan una apariencia minimalista. La parte superior combina diferentes capas de ante sint\u00e9tico y tela que le confieren un aire retro.  DETALLES  Parte superior de ante sint\u00e9tico y tela.  Dise\u00f1o de corte bajo para una mayor movilidad.  La plantilla de EVA proporciona una amortiguaci\u00f3n c\u00f3moda y suave.  Mediasuela de EVA para una amortiguaci\u00f3n ligera.  Suela de caucho que no deja marcas para una mayor durabilidad y tracci\u00f3n.  Color del art\u00edculo: Core Black \/ Pure Grey 7 \/ Pure Grey 3  N\u00famero de art\u00edculo: GW7777                                                                                                                                                                                                                                                                                                                                                                                                                                                                                                                                                                                                                                                                                                                                                                                                                                                                                                                                                                                                                                        <\/p>\n","protected":false},"excerpt":{"rendered":"<p>REEBOK ROYAL CLASSIC JOGGER<\/p>\n","protected":false},"featured_media":51547,"template":"","meta":[],"product_brand":[],"product_cat":[261],"product_tag":[41],"class_list":{"0":"post-36943","1":"product","2":"type-product","3":"status-publish","4":"has-post-thumbnail","6":"product_cat-hombre_calzado_casual","7":"product_tag-reebok","8":"pa_color-unico","9":"pa_talla-t-16","10":"thunk-woo-product-list","11":"opn-qv-enable","12":"open-woo-hover-","13":"open-single-product-tab-horizontal","14":"open-shadow-","15":"open-shadow-hover-","17":"first","18":"instock","19":"sale","20":"shipping-taxable","21":"purchasable","22":"product-type-variable"},"jetpack_sharing_enabled":true,"_links":{"self":[{"href":"https:\/\/www.deporteseli.com\/index.php?rest_route=\/wp\/v2\/product\/36943","targetHints":{"allow":["GET"]}}],"collection":[{"href":"https:\/\/www.deporteseli.com\/index.php?rest_route=\/wp\/v2\/product"}],"about":[{"href":"https:\/\/www.deporteseli.com\/index.php?rest_route=\/wp\/v2\/types\/product"}],"wp:featuredmedia":[{"embeddable":true,"href":"https:\/\/www.deporteseli.com\/index.php?rest_route=\/wp\/v2\/media\/51547"}],"wp:attachment":[{"href":"https:\/\/www.deporteseli.com\/index.php?rest_route=%2Fwp%2Fv2%2Fmedia&parent=36943"}],"wp:term":[{"taxonomy":"product_brand","embeddable":true,"href":"https:\/\/www.deporteseli.com\/index.php?rest_route=%2Fwp%2Fv2%2Fproduct_brand&post=36943"},{"taxonomy":"product_cat","embeddable":true,"href":"https:\/\/www.deporteseli.com\/index.php?rest_route=%2Fwp%2Fv2%2Fproduct_cat&post=36943"},{"taxonomy":"product_tag","embeddable":true,"href":"https:\/\/www.deporteseli.com\/index.php?rest_route=%2Fwp%2Fv2%2Fproduct_tag&post=36943"}],"curies":[{"name":"wp","href":"https:\/\/api.w.org\/{rel}","templated":true}]}}