{"id":36941,"date":"2026-01-27T17:26:55","date_gmt":"2026-01-27T17:26:55","guid":{"rendered":"https:\/\/www.deporteseli.com\/?product=grip-wilson-shock-shield-hybrid"},"modified":"2026-01-27T17:26:57","modified_gmt":"2026-01-27T17:26:57","slug":"grip-wilson-shock-shield-hybrid","status":"publish","type":"product","link":"https:\/\/www.deporteseli.com\/?product=grip-wilson-shock-shield-hybrid","title":{"rendered":"GRIP WILSON SHOCK SHIELD HYBRID"},"content":{"rendered":"<p>Grip Wilson  Los jugadores que prioricen la higiene apreciar\u00e1n la naturaleza de doble prop\u00f3sito de este agarre, que combina las propiedades del recubrimiento antimicrobiano con un alto rendimiento.  Las caracter\u00edsticas destacadas incluyen una excelente absorci\u00f3n de la humedad y una tracci\u00f3n amplificada en la superficie de agarre, que se combinan para mantener las manos secas y un agarre fuerte.      El revestimiento antimicrobiano mata e inhibe el crecimiento de microorganismos.  Insuperable absorci\u00f3n de humedad para mantener las manos secas.  Tracci\u00f3n amplificada para fortalecer y mantener el agarre.                                                                                                                                                                                                                                                                                                                                                                                                                                                                                                                                                                                                                                                                                                                                                                                                                                                                                                                                                                                                                                        <\/p>\n","protected":false},"excerpt":{"rendered":"<p>GRIP WILSON SHOCK SHIELD HYBRID<\/p>\n","protected":false},"featured_media":51546,"template":"","meta":[],"product_brand":[],"product_cat":[358],"product_tag":[57],"class_list":{"0":"post-36941","1":"product","2":"type-product","3":"status-publish","4":"has-post-thumbnail","6":"product_cat-padel_y_tenis_grip","7":"product_tag-wilson","8":"pa_color-unico","9":"pa_talla-unica","10":"thunk-woo-product-list","11":"opn-qv-enable","12":"open-woo-hover-","13":"open-single-product-tab-horizontal","14":"open-shadow-","15":"open-shadow-hover-","17":"first","18":"instock","19":"sale","20":"shipping-taxable","21":"purchasable","22":"product-type-variable"},"jetpack_sharing_enabled":true,"_links":{"self":[{"href":"https:\/\/www.deporteseli.com\/index.php?rest_route=\/wp\/v2\/product\/36941","targetHints":{"allow":["GET"]}}],"collection":[{"href":"https:\/\/www.deporteseli.com\/index.php?rest_route=\/wp\/v2\/product"}],"about":[{"href":"https:\/\/www.deporteseli.com\/index.php?rest_route=\/wp\/v2\/types\/product"}],"wp:featuredmedia":[{"embeddable":true,"href":"https:\/\/www.deporteseli.com\/index.php?rest_route=\/wp\/v2\/media\/51546"}],"wp:attachment":[{"href":"https:\/\/www.deporteseli.com\/index.php?rest_route=%2Fwp%2Fv2%2Fmedia&parent=36941"}],"wp:term":[{"taxonomy":"product_brand","embeddable":true,"href":"https:\/\/www.deporteseli.com\/index.php?rest_route=%2Fwp%2Fv2%2Fproduct_brand&post=36941"},{"taxonomy":"product_cat","embeddable":true,"href":"https:\/\/www.deporteseli.com\/index.php?rest_route=%2Fwp%2Fv2%2Fproduct_cat&post=36941"},{"taxonomy":"product_tag","embeddable":true,"href":"https:\/\/www.deporteseli.com\/index.php?rest_route=%2Fwp%2Fv2%2Fproduct_tag&post=36941"}],"curies":[{"name":"wp","href":"https:\/\/api.w.org\/{rel}","templated":true}]}}