{"id":36939,"date":"2026-01-27T17:26:52","date_gmt":"2026-01-27T17:26:52","guid":{"rendered":"https:\/\/www.deporteseli.com\/?product=boxers-solidos-para-nadar"},"modified":"2026-01-27T17:26:54","modified_gmt":"2026-01-27T17:26:54","slug":"boxers-solidos-para-nadar","status":"publish","type":"product","link":"https:\/\/www.deporteseli.com\/?product=boxers-solidos-para-nadar","title":{"rendered":"B\u00f3XERS S\u00f3LIDOS PARA NADAR"},"content":{"rendered":"<p>B\u00d3XERS S\u00d3LIDOS PARA NADAR  B\u00d3XER DE BA\u00d1O CL\u00c1SICO FABRICADO EN PARTE CON MATERIALES RECICLADOS.  Elegante y deportivo. Estos b\u00f3xers de nataci\u00f3n aportan frescura discreta a tu tarde en la piscina. El adidas Badge of Sport en la pierna lo dice todo. La tela liviana de secado r\u00e1pido lo mantiene igual de c\u00f3modo en el carril de regazo o durmiendo en una balsa. Fabricado con una serie de materiales reciclados y al menos un 60 % de contenido reciclado, este producto representa solo una de nuestras soluciones para ayudar a acabar con los residuos pl\u00e1sticos.  ESPECIFICACIONES  Corte normal  Cintura el\u00e1stica con cord\u00f3n interior  Tejido de punto 80 % nailon reciclado, 20 % elastano  Sensaci\u00f3n ultraplana y suave.  Tejido Infinitex Fitness Eco resistente al cloro  Ligero y de secado r\u00e1pido.  Tricot  Color del producto: Negro  C\u00f3digo de producto: HA0315                                                                                                                                                                                                                                                                                                                                                                                                                                                                                                                                                                                                                                                                                                                                                                                                                                                                                                                                                                                                                                        <\/p>\n","protected":false},"excerpt":{"rendered":"<p>B\u00f3XERS S\u00f3LIDOS PARA NADAR<\/p>\n","protected":false},"featured_media":51542,"template":"","meta":[],"product_brand":[],"product_cat":[246],"product_tag":[18],"class_list":{"0":"post-36939","1":"product","2":"type-product","3":"status-publish","4":"has-post-thumbnail","6":"product_cat-hombre_textil_banadores","7":"product_tag-adidas","8":"pa_color-unico","9":"pa_talla-s","10":"thunk-woo-product-list","11":"opn-qv-enable","12":"open-woo-hover-","13":"open-single-product-tab-horizontal","14":"open-shadow-","15":"open-shadow-hover-","17":"first","18":"instock","19":"shipping-taxable","20":"purchasable","21":"product-type-variable"},"jetpack_sharing_enabled":true,"_links":{"self":[{"href":"https:\/\/www.deporteseli.com\/index.php?rest_route=\/wp\/v2\/product\/36939","targetHints":{"allow":["GET"]}}],"collection":[{"href":"https:\/\/www.deporteseli.com\/index.php?rest_route=\/wp\/v2\/product"}],"about":[{"href":"https:\/\/www.deporteseli.com\/index.php?rest_route=\/wp\/v2\/types\/product"}],"wp:featuredmedia":[{"embeddable":true,"href":"https:\/\/www.deporteseli.com\/index.php?rest_route=\/wp\/v2\/media\/51542"}],"wp:attachment":[{"href":"https:\/\/www.deporteseli.com\/index.php?rest_route=%2Fwp%2Fv2%2Fmedia&parent=36939"}],"wp:term":[{"taxonomy":"product_brand","embeddable":true,"href":"https:\/\/www.deporteseli.com\/index.php?rest_route=%2Fwp%2Fv2%2Fproduct_brand&post=36939"},{"taxonomy":"product_cat","embeddable":true,"href":"https:\/\/www.deporteseli.com\/index.php?rest_route=%2Fwp%2Fv2%2Fproduct_cat&post=36939"},{"taxonomy":"product_tag","embeddable":true,"href":"https:\/\/www.deporteseli.com\/index.php?rest_route=%2Fwp%2Fv2%2Fproduct_tag&post=36939"}],"curies":[{"name":"wp","href":"https:\/\/api.w.org\/{rel}","templated":true}]}}