{"id":36936,"date":"2026-01-27T17:26:46","date_gmt":"2026-01-27T17:26:46","guid":{"rendered":"https:\/\/www.deporteseli.com\/?product=banador-adidas-x-buzz-lightyear"},"modified":"2026-01-27T17:26:51","modified_gmt":"2026-01-27T17:26:51","slug":"banador-adidas-x-buzz-lightyear","status":"publish","type":"product","link":"https:\/\/www.deporteseli.com\/?product=banador-adidas-x-buzz-lightyear","title":{"rendered":"BA\u00f1ADOR ADIDAS X BUZZ LIGHTYEAR"},"content":{"rendered":"<p>BA\u00d1ADOR ADIDAS X BUZZ LIGHTYEAR   HASTA EL INFINITO Y M\u00c1S ALL\u00c1!  Anima a tu peque a explorar el mundo marino y construir castillos de arena con este ba\u00f1ador adidas con estampado de Buzz Lightyear de Disney. Se ha confeccionado en un tejido resistente al cloro y al desgaste.    Este producto se ha fabricado con diferentes materiales t\u00e9cnicos y contiene al menos un 60% de material reciclado. Su objetivo es plantear otra soluci\u00f3n m\u00e1s que ayude a eliminar los residuos pl\u00e1sticos.  DETALLES  Corte cl\u00e1sico  Cintura el\u00e1stica con cord\u00f3n interior  Punto 80% nailon reciclado \/ 20% elast\u00e1n  Tejido Infinitex Fitness  Estampado de Buzz Lightyear  Resistente al cloro  \u00a9Disney  Color del art\u00edculo: Black \/ Blue Rush  N\u00famero de art\u00edculo: HD2164                                                                                                                                                                                                                                                                                                                                                                                                                                                                                                                                                                                                                                                                                                                                                                                                                                                                                                                                                                                                                                        <\/p>\n","protected":false},"excerpt":{"rendered":"<p>BA\u00f1ADOR ADIDAS X BUZZ LIGHTYEAR<\/p>\n","protected":false},"featured_media":51538,"template":"","meta":[],"product_brand":[],"product_cat":[306],"product_tag":[18],"class_list":{"0":"post-36936","1":"product","2":"type-product","3":"status-publish","4":"has-post-thumbnail","6":"product_cat-nino_textil_banadores","7":"product_tag-adidas","8":"pa_color-unico","9":"pa_talla-t-10","10":"pa_talla-t-8","11":"thunk-woo-product-list","12":"opn-qv-enable","13":"open-woo-hover-","14":"open-single-product-tab-horizontal","15":"open-shadow-","16":"open-shadow-hover-","18":"first","19":"instock","20":"shipping-taxable","21":"purchasable","22":"product-type-variable"},"jetpack_sharing_enabled":true,"_links":{"self":[{"href":"https:\/\/www.deporteseli.com\/index.php?rest_route=\/wp\/v2\/product\/36936","targetHints":{"allow":["GET"]}}],"collection":[{"href":"https:\/\/www.deporteseli.com\/index.php?rest_route=\/wp\/v2\/product"}],"about":[{"href":"https:\/\/www.deporteseli.com\/index.php?rest_route=\/wp\/v2\/types\/product"}],"wp:featuredmedia":[{"embeddable":true,"href":"https:\/\/www.deporteseli.com\/index.php?rest_route=\/wp\/v2\/media\/51538"}],"wp:attachment":[{"href":"https:\/\/www.deporteseli.com\/index.php?rest_route=%2Fwp%2Fv2%2Fmedia&parent=36936"}],"wp:term":[{"taxonomy":"product_brand","embeddable":true,"href":"https:\/\/www.deporteseli.com\/index.php?rest_route=%2Fwp%2Fv2%2Fproduct_brand&post=36936"},{"taxonomy":"product_cat","embeddable":true,"href":"https:\/\/www.deporteseli.com\/index.php?rest_route=%2Fwp%2Fv2%2Fproduct_cat&post=36936"},{"taxonomy":"product_tag","embeddable":true,"href":"https:\/\/www.deporteseli.com\/index.php?rest_route=%2Fwp%2Fv2%2Fproduct_tag&post=36936"}],"curies":[{"name":"wp","href":"https:\/\/api.w.org\/{rel}","templated":true}]}}