{"id":36934,"date":"2026-01-27T17:26:43","date_gmt":"2026-01-27T17:26:43","guid":{"rendered":"https:\/\/www.deporteseli.com\/?product=camiseta-essentials-embroidered-linear-logo"},"modified":"2026-01-27T17:26:45","modified_gmt":"2026-01-27T17:26:45","slug":"camiseta-essentials-embroidered-linear-logo","status":"publish","type":"product","link":"https:\/\/www.deporteseli.com\/?product=camiseta-essentials-embroidered-linear-logo","title":{"rendered":"CAMISETA ESSENTIALS EMBROIDERED LINEAR LOGO"},"content":{"rendered":"<p>CAMISETA ESSENTIALS EMBROIDERED LINEAR LOGO  VISTE C\u00d3MODO A DIARIO  Actualiza la esencia de tu armario: tus camisetas. Con el inconfundible logotipo de adidas, esta camiseta es un cl\u00e1sico que querr\u00e1s llevar a diario y que combina con cualquier prenda. P\u00f3ntela para entrenar o para disfrutar de una marat\u00f3n de series, su estilo exclusivo queda bien con todo lo que te pongas.    Este producto se ha confeccionado con material reciclado como parte de nuestro compromiso por acabar con los residuos pl\u00e1sticos. Nuestros productos de algod\u00f3n se han fabricado de forma sostenible y ayudan a acabar con los residuos pl\u00e1sticos.  DETALLES  Corte cl\u00e1sico  Cuello redondo  Punto 70% algod\u00f3n \/ 30% algod\u00f3n reciclado  Manga corta  Logotipo de adidas bordado  Color del art\u00edculo: Scarlet  N\u00famero de art\u00edculo: GL0061                                                                                                                                                                                                                                                                                                                                                                                                                                                                                                                                                                                                                                                                                                                                                                                                                                                                                                                                                                                                                                        <\/p>\n","protected":false},"excerpt":{"rendered":"<p>CAMISETA ESSENTIALS EMBROIDERED LINEAR LOGO<\/p>\n","protected":false},"featured_media":51536,"template":"","meta":[],"product_brand":[],"product_cat":[245],"product_tag":[18],"class_list":{"0":"post-36934","1":"product","2":"type-product","3":"status-publish","4":"has-post-thumbnail","6":"product_cat-hombre_textil_camisetas","7":"product_tag-adidas","8":"pa_color-unico","9":"pa_talla-l","10":"thunk-woo-product-list","11":"opn-qv-enable","12":"open-woo-hover-","13":"open-single-product-tab-horizontal","14":"open-shadow-","15":"open-shadow-hover-","17":"first","18":"instock","19":"shipping-taxable","20":"purchasable","21":"product-type-variable"},"jetpack_sharing_enabled":true,"_links":{"self":[{"href":"https:\/\/www.deporteseli.com\/index.php?rest_route=\/wp\/v2\/product\/36934","targetHints":{"allow":["GET"]}}],"collection":[{"href":"https:\/\/www.deporteseli.com\/index.php?rest_route=\/wp\/v2\/product"}],"about":[{"href":"https:\/\/www.deporteseli.com\/index.php?rest_route=\/wp\/v2\/types\/product"}],"wp:featuredmedia":[{"embeddable":true,"href":"https:\/\/www.deporteseli.com\/index.php?rest_route=\/wp\/v2\/media\/51536"}],"wp:attachment":[{"href":"https:\/\/www.deporteseli.com\/index.php?rest_route=%2Fwp%2Fv2%2Fmedia&parent=36934"}],"wp:term":[{"taxonomy":"product_brand","embeddable":true,"href":"https:\/\/www.deporteseli.com\/index.php?rest_route=%2Fwp%2Fv2%2Fproduct_brand&post=36934"},{"taxonomy":"product_cat","embeddable":true,"href":"https:\/\/www.deporteseli.com\/index.php?rest_route=%2Fwp%2Fv2%2Fproduct_cat&post=36934"},{"taxonomy":"product_tag","embeddable":true,"href":"https:\/\/www.deporteseli.com\/index.php?rest_route=%2Fwp%2Fv2%2Fproduct_tag&post=36934"}],"curies":[{"name":"wp","href":"https:\/\/api.w.org\/{rel}","templated":true}]}}