{"id":36922,"date":"2026-01-27T17:26:18","date_gmt":"2026-01-27T17:26:18","guid":{"rendered":"https:\/\/www.deporteseli.com\/?product=tesar"},"modified":"2026-01-27T17:26:24","modified_gmt":"2026-01-27T17:26:24","slug":"tesar","status":"publish","type":"product","link":"https:\/\/www.deporteseli.com\/?product=tesar","title":{"rendered":"TESAR"},"content":{"rendered":"<p>COMPOSICION:    92% poli\u00e9ster-8% elast\u00e1n. Two way spandex taffeta.    DETALLES:    Cintura el\u00e1stica ajustable con cord\u00f3n.    Bolsillos laterales.    Malla interior.    Tejido t\u00e9cnico: Binamic.    Secado r\u00e1pido.    Piezas reflectantes.    Transpirable.    Tejido el\u00e1stico.    Peso ligero.                                                                                                                                                                                                                                                                                                                                                                                                                                                                                                                                                                                                                                                                                                                                                                                                                                                                                                                                                                                                                                        <\/p>\n","protected":false},"excerpt":{"rendered":"<p>TESAR<\/p>\n","protected":false},"featured_media":51520,"template":"","meta":[],"product_brand":[],"product_cat":[251],"product_tag":[43],"class_list":{"0":"post-36922","1":"product","2":"type-product","3":"status-publish","4":"has-post-thumbnail","6":"product_cat-hombre_textil_shorts","7":"product_tag-jhon_smith","8":"pa_color-unico","9":"pa_talla-l","10":"pa_talla-m","11":"pa_talla-s","12":"thunk-woo-product-list","13":"opn-qv-enable","14":"open-woo-hover-","15":"open-single-product-tab-horizontal","16":"open-shadow-","17":"open-shadow-hover-","19":"first","20":"instock","21":"shipping-taxable","22":"purchasable","23":"product-type-variable"},"jetpack_sharing_enabled":true,"_links":{"self":[{"href":"https:\/\/www.deporteseli.com\/index.php?rest_route=\/wp\/v2\/product\/36922","targetHints":{"allow":["GET"]}}],"collection":[{"href":"https:\/\/www.deporteseli.com\/index.php?rest_route=\/wp\/v2\/product"}],"about":[{"href":"https:\/\/www.deporteseli.com\/index.php?rest_route=\/wp\/v2\/types\/product"}],"wp:featuredmedia":[{"embeddable":true,"href":"https:\/\/www.deporteseli.com\/index.php?rest_route=\/wp\/v2\/media\/51520"}],"wp:attachment":[{"href":"https:\/\/www.deporteseli.com\/index.php?rest_route=%2Fwp%2Fv2%2Fmedia&parent=36922"}],"wp:term":[{"taxonomy":"product_brand","embeddable":true,"href":"https:\/\/www.deporteseli.com\/index.php?rest_route=%2Fwp%2Fv2%2Fproduct_brand&post=36922"},{"taxonomy":"product_cat","embeddable":true,"href":"https:\/\/www.deporteseli.com\/index.php?rest_route=%2Fwp%2Fv2%2Fproduct_cat&post=36922"},{"taxonomy":"product_tag","embeddable":true,"href":"https:\/\/www.deporteseli.com\/index.php?rest_route=%2Fwp%2Fv2%2Fproduct_tag&post=36922"}],"curies":[{"name":"wp","href":"https:\/\/api.w.org\/{rel}","templated":true}]}}