{"id":36918,"date":"2026-01-27T17:26:10","date_gmt":"2026-01-27T17:26:10","guid":{"rendered":"https:\/\/www.deporteseli.com\/?product=piwax"},"modified":"2026-01-27T17:26:16","modified_gmt":"2026-01-27T17:26:16","slug":"piwax","status":"publish","type":"product","link":"https:\/\/www.deporteseli.com\/?product=piwax","title":{"rendered":"PIWAX"},"content":{"rendered":"<p>Sandalia para ni\u00f1os, ideal para el d\u00eda a d\u00eda del verano de nuestros peque\u00f1os. Cuenta con una ajuste por triple tira, dos en el empeine y una en el tal\u00f3n, que permite adaptarse a todo tipo de pies. Es una suela de EVA inyectada que cuenta con un molde anat\u00f3mico que se adapta perfectamente a la forma del pi\u00e9 (FOOTBED), la forma del pie pre-formada para un mayor ajuste y comodidad. Adem\u00e1s, este molde personalizado proporciona una agradable sensaci\u00f3n en la planta del pie.                                                                                                                                                                                                                                                                                                                                                                                                                                                                                                                                                                                                                                                                                                                                                                                                                                                                                                                                                                                                                                        <\/p>\n","protected":false},"excerpt":{"rendered":"<p>PIWAX<\/p>\n","protected":false},"featured_media":51516,"template":"","meta":[],"product_brand":[],"product_cat":[314],"product_tag":[43],"class_list":{"0":"post-36918","1":"product","2":"type-product","3":"status-publish","4":"has-post-thumbnail","6":"product_cat-nino_calzado_cholas","7":"product_tag-jhon_smith","8":"pa_color-unico","9":"pa_talla-113","10":"pa_talla-127","11":"pa_talla-133","12":"thunk-woo-product-list","13":"opn-qv-enable","14":"open-woo-hover-","15":"open-single-product-tab-horizontal","16":"open-shadow-","17":"open-shadow-hover-","19":"first","20":"instock","21":"sale","22":"shipping-taxable","23":"purchasable","24":"product-type-variable"},"jetpack_sharing_enabled":true,"_links":{"self":[{"href":"https:\/\/www.deporteseli.com\/index.php?rest_route=\/wp\/v2\/product\/36918","targetHints":{"allow":["GET"]}}],"collection":[{"href":"https:\/\/www.deporteseli.com\/index.php?rest_route=\/wp\/v2\/product"}],"about":[{"href":"https:\/\/www.deporteseli.com\/index.php?rest_route=\/wp\/v2\/types\/product"}],"wp:featuredmedia":[{"embeddable":true,"href":"https:\/\/www.deporteseli.com\/index.php?rest_route=\/wp\/v2\/media\/51516"}],"wp:attachment":[{"href":"https:\/\/www.deporteseli.com\/index.php?rest_route=%2Fwp%2Fv2%2Fmedia&parent=36918"}],"wp:term":[{"taxonomy":"product_brand","embeddable":true,"href":"https:\/\/www.deporteseli.com\/index.php?rest_route=%2Fwp%2Fv2%2Fproduct_brand&post=36918"},{"taxonomy":"product_cat","embeddable":true,"href":"https:\/\/www.deporteseli.com\/index.php?rest_route=%2Fwp%2Fv2%2Fproduct_cat&post=36918"},{"taxonomy":"product_tag","embeddable":true,"href":"https:\/\/www.deporteseli.com\/index.php?rest_route=%2Fwp%2Fv2%2Fproduct_tag&post=36918"}],"curies":[{"name":"wp","href":"https:\/\/api.w.org\/{rel}","templated":true}]}}