{"id":36890,"date":"2026-01-27T17:25:26","date_gmt":"2026-01-27T17:25:26","guid":{"rendered":"https:\/\/www.deporteseli.com\/?product=programa-de-pantalones-mallas-workout-ready"},"modified":"2026-01-27T17:25:28","modified_gmt":"2026-01-27T17:25:28","slug":"programa-de-pantalones-mallas-workout-ready","status":"publish","type":"product","link":"https:\/\/www.deporteseli.com\/?product=programa-de-pantalones-mallas-workout-ready","title":{"rendered":"PROGRAMA DE PANTALONES MALLAS WORKOUT READY"},"content":{"rendered":"<p>PROGRAMA DE PANTALONES MALLAS WORKOUT READY  UNAS MALLAS VERS\u00c1TILES CON UN BOLSILLO EN EL LATERAL.  Estas mallas Reebok para mujer ser\u00e1n tus nuevas favoritas para todo: tanto para ir al gym como para salir a tomarte un caf\u00e9. Su tejido repele el sudor manteniendo tu cuerpo fresco y seco mientras entrenas o sales a hacer recados. Su silueta ajustada favorece tu figura. Vienen con un bolsillo lateral para tener tu m\u00f3vil a mano.  DETALLES  Ajuste ce\u00f1ido.  Punto entrelazado Speedwick, 91 % poli\u00e9ster reciclado \/ 9 % elast\u00e1n.  Ideales para: cualquier tipo de entrenamiento.  Talle medio.  Bolsillo lateral.  Color del art\u00edculo: Night Black  N\u00famero de art\u00edculo: GS1962                                                                                                                                                                                                                                                                                                                                                                                                                                                                                                                                                                                                                                                                                                                                                                                                                                                                                                                                                                                                                                        <\/p>\n","protected":false},"excerpt":{"rendered":"<p>PROGRAMA DE PANTALONES MALLAS WORKOUT READY<\/p>\n","protected":false},"featured_media":51505,"template":"","meta":[],"product_brand":[],"product_cat":[281],"product_tag":[41],"class_list":{"0":"post-36890","1":"product","2":"type-product","3":"status-publish","4":"has-post-thumbnail","6":"product_cat-mujer_textil_mallas","7":"product_tag-reebok","8":"pa_color-unico","9":"pa_talla-xs","10":"thunk-woo-product-list","11":"opn-qv-enable","12":"open-woo-hover-","13":"open-single-product-tab-horizontal","14":"open-shadow-","15":"open-shadow-hover-","17":"first","18":"instock","19":"shipping-taxable","20":"purchasable","21":"product-type-variable"},"jetpack_sharing_enabled":true,"_links":{"self":[{"href":"https:\/\/www.deporteseli.com\/index.php?rest_route=\/wp\/v2\/product\/36890","targetHints":{"allow":["GET"]}}],"collection":[{"href":"https:\/\/www.deporteseli.com\/index.php?rest_route=\/wp\/v2\/product"}],"about":[{"href":"https:\/\/www.deporteseli.com\/index.php?rest_route=\/wp\/v2\/types\/product"}],"wp:featuredmedia":[{"embeddable":true,"href":"https:\/\/www.deporteseli.com\/index.php?rest_route=\/wp\/v2\/media\/51505"}],"wp:attachment":[{"href":"https:\/\/www.deporteseli.com\/index.php?rest_route=%2Fwp%2Fv2%2Fmedia&parent=36890"}],"wp:term":[{"taxonomy":"product_brand","embeddable":true,"href":"https:\/\/www.deporteseli.com\/index.php?rest_route=%2Fwp%2Fv2%2Fproduct_brand&post=36890"},{"taxonomy":"product_cat","embeddable":true,"href":"https:\/\/www.deporteseli.com\/index.php?rest_route=%2Fwp%2Fv2%2Fproduct_cat&post=36890"},{"taxonomy":"product_tag","embeddable":true,"href":"https:\/\/www.deporteseli.com\/index.php?rest_route=%2Fwp%2Fv2%2Fproduct_tag&post=36890"}],"curies":[{"name":"wp","href":"https:\/\/api.w.org\/{rel}","templated":true}]}}