{"id":36883,"date":"2026-01-27T17:25:16","date_gmt":"2026-01-27T17:25:16","guid":{"rendered":"https:\/\/www.deporteseli.com\/?product=fila-chris-camiseta-nino"},"modified":"2026-01-27T17:25:21","modified_gmt":"2026-01-27T17:25:21","slug":"fila-chris-camiseta-nino","status":"publish","type":"product","link":"https:\/\/www.deporteseli.com\/?product=fila-chris-camiseta-nino","title":{"rendered":"FILA CHRIS CAMISETA NI\u00f1O"},"content":{"rendered":"<p>Tejido suave y c\u00f3modo  Cuello redondo el\u00e0stico con perfil interno  Dobladillo posterior alargado para una mayor cobertura  Logo Fila estampado  Ajuste regular  Tejido: 80% algod\u00f3n, 20% poli\u00e9ster                                                                                                                                                                                                                                                                                                                                                                                                                                                                                                                                                                                                                                                                                                                                                                                                                                                                                                                                                                                                                                        <\/p>\n","protected":false},"excerpt":{"rendered":"<p>FILA CHRIS CAMISETA NI\u00f1O<\/p>\n","protected":false},"featured_media":51502,"template":"","meta":[],"product_brand":[],"product_cat":[296],"product_tag":[46],"class_list":{"0":"post-36883","1":"product","2":"type-product","3":"status-publish","4":"has-post-thumbnail","6":"product_cat-nino_textil_camisetas","7":"product_tag-fila","8":"pa_color-unico","9":"pa_talla-t-10","10":"pa_talla-t-14","11":"pa_talla-t-8","12":"thunk-woo-product-list","13":"opn-qv-enable","14":"open-woo-hover-","15":"open-single-product-tab-horizontal","16":"open-shadow-","17":"open-shadow-hover-","19":"first","20":"instock","21":"shipping-taxable","22":"purchasable","23":"product-type-variable"},"jetpack_sharing_enabled":true,"_links":{"self":[{"href":"https:\/\/www.deporteseli.com\/index.php?rest_route=\/wp\/v2\/product\/36883","targetHints":{"allow":["GET"]}}],"collection":[{"href":"https:\/\/www.deporteseli.com\/index.php?rest_route=\/wp\/v2\/product"}],"about":[{"href":"https:\/\/www.deporteseli.com\/index.php?rest_route=\/wp\/v2\/types\/product"}],"wp:featuredmedia":[{"embeddable":true,"href":"https:\/\/www.deporteseli.com\/index.php?rest_route=\/wp\/v2\/media\/51502"}],"wp:attachment":[{"href":"https:\/\/www.deporteseli.com\/index.php?rest_route=%2Fwp%2Fv2%2Fmedia&parent=36883"}],"wp:term":[{"taxonomy":"product_brand","embeddable":true,"href":"https:\/\/www.deporteseli.com\/index.php?rest_route=%2Fwp%2Fv2%2Fproduct_brand&post=36883"},{"taxonomy":"product_cat","embeddable":true,"href":"https:\/\/www.deporteseli.com\/index.php?rest_route=%2Fwp%2Fv2%2Fproduct_cat&post=36883"},{"taxonomy":"product_tag","embeddable":true,"href":"https:\/\/www.deporteseli.com\/index.php?rest_route=%2Fwp%2Fv2%2Fproduct_tag&post=36883"}],"curies":[{"name":"wp","href":"https:\/\/api.w.org\/{rel}","templated":true}]}}