{"id":36864,"date":"2026-01-27T17:24:32","date_gmt":"2026-01-27T17:24:32","guid":{"rendered":"https:\/\/www.deporteseli.com\/?product=camiseta-basica-adidas"},"modified":"2026-01-27T17:24:45","modified_gmt":"2026-01-27T17:24:45","slug":"camiseta-basica-adidas","status":"publish","type":"product","link":"https:\/\/www.deporteseli.com\/?product=camiseta-basica-adidas","title":{"rendered":"CAMISETA B\u00e1SICA ADIDAS"},"content":{"rendered":"<p>CAMISETA B\u00c1SICA ADIDAS  UNA CAMISETA AJUSTADA CON UN ESTILO CL\u00c1SICO PARA TODOS LOS D\u00cdAS.  La soluci\u00f3n m\u00e1s simple es siempre la mejor soluci\u00f3n. Combina esta camiseta para j\u00f3venes con lo que quieras. Esa es la belleza de la cl\u00e1sica camiseta de cuello redondo. Inspirado en tu amor por el deporte, su logotipo de adidas es la \u00fanica declaraci\u00f3n que necesitas en tu vida en este momento. Nuestros productos de algod\u00f3n apoyan la agricultura sostenible de algod\u00f3n. Esto es parte de nuestra ambici\u00f3n de acabar con los residuos pl\u00e1sticos.  ESPECIFICACIONES  Ajustado  cuello redondo acanalado  Jersey sencillo 100% algod\u00f3n  Mangas cortas  Camiseta \u00fanica  Color del producto: Glow Pink \/ Legacy Burgundy  C\u00f3digo de producto: HE1965                                                                                                                                                                                                                                                                                                                                                                                                                                                                                                                                                                                                                                                                                                                                                                                                                                                                                                                                                                                                                                        <\/p>\n","protected":false},"excerpt":{"rendered":"<p>CAMISETA B\u00e1SICA ADIDAS<\/p>\n","protected":false},"featured_media":51483,"template":"","meta":[],"product_brand":[],"product_cat":[376],"product_tag":[18],"class_list":{"0":"post-36864","1":"product","2":"type-product","3":"status-publish","4":"has-post-thumbnail","6":"product_cat-ninas_textil_camisetas","7":"product_tag-adidas","8":"pa_color-unico","9":"pa_talla-t-10","10":"pa_talla-t-12","11":"pa_talla-t-14","12":"pa_talla-t-8","13":"thunk-woo-product-list","14":"opn-qv-enable","15":"open-woo-hover-","16":"open-single-product-tab-horizontal","17":"open-shadow-","18":"open-shadow-hover-","20":"first","21":"instock","22":"shipping-taxable","23":"purchasable","24":"product-type-variable"},"jetpack_sharing_enabled":true,"_links":{"self":[{"href":"https:\/\/www.deporteseli.com\/index.php?rest_route=\/wp\/v2\/product\/36864","targetHints":{"allow":["GET"]}}],"collection":[{"href":"https:\/\/www.deporteseli.com\/index.php?rest_route=\/wp\/v2\/product"}],"about":[{"href":"https:\/\/www.deporteseli.com\/index.php?rest_route=\/wp\/v2\/types\/product"}],"wp:featuredmedia":[{"embeddable":true,"href":"https:\/\/www.deporteseli.com\/index.php?rest_route=\/wp\/v2\/media\/51483"}],"wp:attachment":[{"href":"https:\/\/www.deporteseli.com\/index.php?rest_route=%2Fwp%2Fv2%2Fmedia&parent=36864"}],"wp:term":[{"taxonomy":"product_brand","embeddable":true,"href":"https:\/\/www.deporteseli.com\/index.php?rest_route=%2Fwp%2Fv2%2Fproduct_brand&post=36864"},{"taxonomy":"product_cat","embeddable":true,"href":"https:\/\/www.deporteseli.com\/index.php?rest_route=%2Fwp%2Fv2%2Fproduct_cat&post=36864"},{"taxonomy":"product_tag","embeddable":true,"href":"https:\/\/www.deporteseli.com\/index.php?rest_route=%2Fwp%2Fv2%2Fproduct_tag&post=36864"}],"curies":[{"name":"wp","href":"https:\/\/api.w.org\/{rel}","templated":true}]}}