{"id":36848,"date":"2026-01-27T17:24:00","date_gmt":"2026-01-27T17:24:00","guid":{"rendered":"https:\/\/www.deporteseli.com\/?product=bandolera-vibor-a-arcoiris-verde-fluor"},"modified":"2026-01-27T17:24:01","modified_gmt":"2026-01-27T17:24:01","slug":"bandolera-vibor-a-arcoiris-verde-fluor","status":"publish","type":"product","link":"https:\/\/www.deporteseli.com\/?product=bandolera-vibor-a-arcoiris-verde-fluor","title":{"rendered":"BANDOLERA VIBOR-A ARCOIRIS VERDE FLUOR"},"content":{"rendered":"<p>BANDOLERA VIBOR-A ARCOIRIS VERDE FLUOR, PRACTICA Y C\u00d3MODA    Hazte con esta bandolera Vibor-a arco\u00edris en color verde, el complemento perfecto para guardar y llevar tus objetos y materiales m\u00e1s esenciales a tus entrenamientos o actividades deportivas. Est\u00e1 hecha de materiales de calidad que ofrecen excelente resistencia. Su dise\u00f1o es practico y moderno.    Compartimento principal con cierre  Asa acolchada para llevar cruzada  bolsillo frontal con cierre de cremallera  Logo Vibor-a en color verde                                                                                                                                                                                                                                                                                                                                                                                                                                                                                                                                                                                                                                                                                                                                                                                                                                                                                                                                                                                                                                        <\/p>\n","protected":false},"excerpt":{"rendered":"<p>BANDOLERA VIBOR-A ARCOIRIS VERDE FLUOR<\/p>\n","protected":false},"featured_media":51477,"template":"","meta":[],"product_brand":[],"product_cat":[355],"product_tag":[24],"class_list":{"0":"post-36848","1":"product","2":"type-product","3":"status-publish","4":"has-post-thumbnail","6":"product_cat-padel_y_tenis_mochilas","7":"product_tag-vibora","8":"pa_color-unico","9":"pa_talla-unica","10":"thunk-woo-product-list","11":"opn-qv-enable","12":"open-woo-hover-","13":"open-single-product-tab-horizontal","14":"open-shadow-","15":"open-shadow-hover-","17":"first","18":"instock","19":"sale","20":"shipping-taxable","21":"purchasable","22":"product-type-variable"},"jetpack_sharing_enabled":true,"_links":{"self":[{"href":"https:\/\/www.deporteseli.com\/index.php?rest_route=\/wp\/v2\/product\/36848","targetHints":{"allow":["GET"]}}],"collection":[{"href":"https:\/\/www.deporteseli.com\/index.php?rest_route=\/wp\/v2\/product"}],"about":[{"href":"https:\/\/www.deporteseli.com\/index.php?rest_route=\/wp\/v2\/types\/product"}],"wp:featuredmedia":[{"embeddable":true,"href":"https:\/\/www.deporteseli.com\/index.php?rest_route=\/wp\/v2\/media\/51477"}],"wp:attachment":[{"href":"https:\/\/www.deporteseli.com\/index.php?rest_route=%2Fwp%2Fv2%2Fmedia&parent=36848"}],"wp:term":[{"taxonomy":"product_brand","embeddable":true,"href":"https:\/\/www.deporteseli.com\/index.php?rest_route=%2Fwp%2Fv2%2Fproduct_brand&post=36848"},{"taxonomy":"product_cat","embeddable":true,"href":"https:\/\/www.deporteseli.com\/index.php?rest_route=%2Fwp%2Fv2%2Fproduct_cat&post=36848"},{"taxonomy":"product_tag","embeddable":true,"href":"https:\/\/www.deporteseli.com\/index.php?rest_route=%2Fwp%2Fv2%2Fproduct_tag&post=36848"}],"curies":[{"name":"wp","href":"https:\/\/api.w.org\/{rel}","templated":true}]}}