{"id":36820,"date":"2026-01-27T17:22:52","date_gmt":"2026-01-27T17:22:52","guid":{"rendered":"https:\/\/www.deporteseli.com\/?product=mallas-cortas-feelbrilliant-designed"},"modified":"2026-01-27T17:22:55","modified_gmt":"2026-01-27T17:22:55","slug":"mallas-cortas-feelbrilliant-designed","status":"publish","type":"product","link":"https:\/\/www.deporteseli.com\/?product=mallas-cortas-feelbrilliant-designed","title":{"rendered":"MALLAS CORTAS FEELBRILLIANT DESIGNED"},"content":{"rendered":"<p>MALLAS CORTAS FEELBRILLIANT DESIGNED TO MOVE  RENDIMIENTO Y ESTILO  Expr\u00e9sate sin obst\u00e1culos gracias a estas mallas cortas de adidas. Su dise\u00f1o el\u00e1stico y ajustado se adapta a tu silueta y favorece una total libertad de movimiento. El tejido transpirable AEROREADY mantiene la piel c\u00f3moda y seca para que nada te distraiga durante el entrenamiento. Guarda tu tarjeta o las llaves en el bolsillo interior. No te hace falta nada m\u00e1s.  DETALLES  Corte ajustado  Cintura el\u00e1stica  Punto doble 75% poli\u00e9ster reciclado \/ 25% elast\u00e1n  Dise\u00f1o transpirable  Tejido transpirable AEROREADY  Cintura de talle alto  Bolsillo trasero  Color del art\u00edculo: Black \/ White  N\u00famero de art\u00edculo: HE9263                                                                                                                                                                                                                                                                                                                                                                                                                                                                                                                                                                                                                                                                                                                                                                                                                                                                                                                                                                                                                                        <\/p>\n","protected":false},"excerpt":{"rendered":"<p>MALLAS CORTAS FEELBRILLIANT DESIGNED<\/p>\n","protected":false},"featured_media":51455,"template":"","meta":[],"product_brand":[],"product_cat":[277],"product_tag":[18],"class_list":{"0":"post-36820","1":"product","2":"type-product","3":"status-publish","4":"has-post-thumbnail","6":"product_cat-mujer_textil_shorts","7":"product_tag-adidas","8":"pa_color-unico","9":"pa_talla-xs","10":"thunk-woo-product-list","11":"opn-qv-enable","12":"open-woo-hover-","13":"open-single-product-tab-horizontal","14":"open-shadow-","15":"open-shadow-hover-","17":"first","18":"instock","19":"shipping-taxable","20":"purchasable","21":"product-type-variable"},"jetpack_sharing_enabled":true,"_links":{"self":[{"href":"https:\/\/www.deporteseli.com\/index.php?rest_route=\/wp\/v2\/product\/36820","targetHints":{"allow":["GET"]}}],"collection":[{"href":"https:\/\/www.deporteseli.com\/index.php?rest_route=\/wp\/v2\/product"}],"about":[{"href":"https:\/\/www.deporteseli.com\/index.php?rest_route=\/wp\/v2\/types\/product"}],"wp:featuredmedia":[{"embeddable":true,"href":"https:\/\/www.deporteseli.com\/index.php?rest_route=\/wp\/v2\/media\/51455"}],"wp:attachment":[{"href":"https:\/\/www.deporteseli.com\/index.php?rest_route=%2Fwp%2Fv2%2Fmedia&parent=36820"}],"wp:term":[{"taxonomy":"product_brand","embeddable":true,"href":"https:\/\/www.deporteseli.com\/index.php?rest_route=%2Fwp%2Fv2%2Fproduct_brand&post=36820"},{"taxonomy":"product_cat","embeddable":true,"href":"https:\/\/www.deporteseli.com\/index.php?rest_route=%2Fwp%2Fv2%2Fproduct_cat&post=36820"},{"taxonomy":"product_tag","embeddable":true,"href":"https:\/\/www.deporteseli.com\/index.php?rest_route=%2Fwp%2Fv2%2Fproduct_tag&post=36820"}],"curies":[{"name":"wp","href":"https:\/\/api.w.org\/{rel}","templated":true}]}}