{"id":36818,"date":"2026-01-27T17:22:45","date_gmt":"2026-01-27T17:22:45","guid":{"rendered":"https:\/\/www.deporteseli.com\/?product=slip-adidas-solid"},"modified":"2026-01-27T17:22:49","modified_gmt":"2026-01-27T17:22:49","slug":"slip-adidas-solid","status":"publish","type":"product","link":"https:\/\/www.deporteseli.com\/?product=slip-adidas-solid","title":{"rendered":"SLIP ADIDAS SOLID"},"content":{"rendered":"<p>Calzoncillos adidas Solid Swim  Guarda los coloridos shorts de ba\u00f1o para otro d\u00eda. Toma tu gorra de nataci\u00f3n y tu patineta y dir\u00edgete a la piscina con un estilo cl\u00e1sico y limpio. Estos shorts de ba\u00f1o adidas est\u00e1n confeccionados con una tela suave resistente al cloro y est\u00e1n completamente forrados para mayor cobertura. Fabricado con una gama de materiales reciclados y al menos un 60 % de contenido reciclado, este producto es solo una de nuestras soluciones para ayudar a acabar con los residuos pl\u00e1sticos.                                                                                                                                                                                                                                                                                                                                                                                                                                                                                                                                                                                                                                                                                                                                                                                                                                                                                                                                                                                                                                        <\/p>\n","protected":false},"excerpt":{"rendered":"<p>SLIP ADIDAS SOLID<\/p>\n","protected":false},"featured_media":51452,"template":"","meta":[],"product_brand":[],"product_cat":[246],"product_tag":[18],"class_list":{"0":"post-36818","1":"product","2":"type-product","3":"status-publish","4":"has-post-thumbnail","6":"product_cat-hombre_textil_banadores","7":"product_tag-adidas","8":"pa_color-unico","9":"pa_talla-s","10":"thunk-woo-product-list","11":"opn-qv-enable","12":"open-woo-hover-","13":"open-single-product-tab-horizontal","14":"open-shadow-","15":"open-shadow-hover-","17":"first","18":"instock","19":"shipping-taxable","20":"purchasable","21":"product-type-variable"},"jetpack_sharing_enabled":true,"_links":{"self":[{"href":"https:\/\/www.deporteseli.com\/index.php?rest_route=\/wp\/v2\/product\/36818","targetHints":{"allow":["GET"]}}],"collection":[{"href":"https:\/\/www.deporteseli.com\/index.php?rest_route=\/wp\/v2\/product"}],"about":[{"href":"https:\/\/www.deporteseli.com\/index.php?rest_route=\/wp\/v2\/types\/product"}],"wp:featuredmedia":[{"embeddable":true,"href":"https:\/\/www.deporteseli.com\/index.php?rest_route=\/wp\/v2\/media\/51452"}],"wp:attachment":[{"href":"https:\/\/www.deporteseli.com\/index.php?rest_route=%2Fwp%2Fv2%2Fmedia&parent=36818"}],"wp:term":[{"taxonomy":"product_brand","embeddable":true,"href":"https:\/\/www.deporteseli.com\/index.php?rest_route=%2Fwp%2Fv2%2Fproduct_brand&post=36818"},{"taxonomy":"product_cat","embeddable":true,"href":"https:\/\/www.deporteseli.com\/index.php?rest_route=%2Fwp%2Fv2%2Fproduct_cat&post=36818"},{"taxonomy":"product_tag","embeddable":true,"href":"https:\/\/www.deporteseli.com\/index.php?rest_route=%2Fwp%2Fv2%2Fproduct_tag&post=36818"}],"curies":[{"name":"wp","href":"https:\/\/api.w.org\/{rel}","templated":true}]}}