{"id":36816,"date":"2026-01-27T17:22:39","date_gmt":"2026-01-27T17:22:39","guid":{"rendered":"https:\/\/www.deporteseli.com\/?product=banador-slip-solid"},"modified":"2026-01-27T17:22:43","modified_gmt":"2026-01-27T17:22:43","slug":"banador-slip-solid","status":"publish","type":"product","link":"https:\/\/www.deporteseli.com\/?product=banador-slip-solid","title":{"rendered":"BA\u00f1ADOR SLIP SOLID"},"content":{"rendered":"<p>BA\u00d1ADOR SLIP SOLID  CONFORT BAJO EL AGUA  Reserva tus bermudas de colores para otro d\u00eda. Un gorro de nataci\u00f3n, una tabla y una piscina es todo cuanto necesitas para empezar. Este ba\u00f1ador de adidas se ha confeccionado en un tejido suave y resistente al cloro con un forro completo que te ofrece mayor cobertura.    Este producto se ha fabricado con diferentes materiales t\u00e9cnicos y contiene al menos un 60% de material reciclado. Su objetivo es plantear otra soluci\u00f3n m\u00e1s que ayude a eliminar los residuos pl\u00e1sticos.  DETALLES  Cintura el\u00e1stica de talle medio con cord\u00f3n  Punto 80% nailon reciclado \/ 20% elast\u00e1n  Forro de punto  Tejido Infinitex Fitness Eco resistente al cloro  Tejido ultraplano y suave  Color del art\u00edculo: Black  N\u00famero de art\u00edculo: HA0330                                                                                                                                                                                                                                                                                                                                                                                                                                                                                                                                                                                                                                                                                                                                                                                                                                                                                                                                                                                                                                        <\/p>\n","protected":false},"excerpt":{"rendered":"<p>BA\u00f1ADOR SLIP SOLID<\/p>\n","protected":false},"featured_media":51451,"template":"","meta":[],"product_brand":[],"product_cat":[246],"product_tag":[18],"class_list":{"0":"post-36816","1":"product","2":"type-product","3":"status-publish","4":"has-post-thumbnail","6":"product_cat-hombre_textil_banadores","7":"product_tag-adidas","8":"pa_color-unico","9":"pa_talla-xl","10":"thunk-woo-product-list","11":"opn-qv-enable","12":"open-woo-hover-","13":"open-single-product-tab-horizontal","14":"open-shadow-","15":"open-shadow-hover-","17":"first","18":"instock","19":"shipping-taxable","20":"purchasable","21":"product-type-variable"},"jetpack_sharing_enabled":true,"_links":{"self":[{"href":"https:\/\/www.deporteseli.com\/index.php?rest_route=\/wp\/v2\/product\/36816","targetHints":{"allow":["GET"]}}],"collection":[{"href":"https:\/\/www.deporteseli.com\/index.php?rest_route=\/wp\/v2\/product"}],"about":[{"href":"https:\/\/www.deporteseli.com\/index.php?rest_route=\/wp\/v2\/types\/product"}],"wp:featuredmedia":[{"embeddable":true,"href":"https:\/\/www.deporteseli.com\/index.php?rest_route=\/wp\/v2\/media\/51451"}],"wp:attachment":[{"href":"https:\/\/www.deporteseli.com\/index.php?rest_route=%2Fwp%2Fv2%2Fmedia&parent=36816"}],"wp:term":[{"taxonomy":"product_brand","embeddable":true,"href":"https:\/\/www.deporteseli.com\/index.php?rest_route=%2Fwp%2Fv2%2Fproduct_brand&post=36816"},{"taxonomy":"product_cat","embeddable":true,"href":"https:\/\/www.deporteseli.com\/index.php?rest_route=%2Fwp%2Fv2%2Fproduct_cat&post=36816"},{"taxonomy":"product_tag","embeddable":true,"href":"https:\/\/www.deporteseli.com\/index.php?rest_route=%2Fwp%2Fv2%2Fproduct_tag&post=36816"}],"curies":[{"name":"wp","href":"https:\/\/api.w.org\/{rel}","templated":true}]}}