{"id":36810,"date":"2026-01-27T17:22:25","date_gmt":"2026-01-27T17:22:25","guid":{"rendered":"https:\/\/www.deporteseli.com\/?product=pantalon-corto-3-bandas"},"modified":"2026-01-27T17:22:31","modified_gmt":"2026-01-27T17:22:31","slug":"pantalon-corto-3-bandas","status":"publish","type":"product","link":"https:\/\/www.deporteseli.com\/?product=pantalon-corto-3-bandas","title":{"rendered":"PANTAL\u00f3N CORTO 3 BANDAS"},"content":{"rendered":"<p>PANTAL\u00d3N CORTO 3 BANDAS  VIVE EL MOMENTO A TODO COLOR  Este pantal\u00f3n corto rinde homenaje al aut\u00e9ntico estilo adidas. Se ha confeccionado en un tejido de felpa c\u00f3modo y suave.  DETALLES  Corte cl\u00e1sico que se adapta al cuerpo c\u00f3modamente  Felpa 100% algod\u00f3n  Tacto suave  Bolsillos frontales con cremallera  cintura con cord\u00f3n  Color del art\u00edculo: Black  N\u00famero de art\u00edculo: DH5798                                                                                                                                                                                                                                                                                                                                                                                                                                                                                                                                                                                                                                                                                                                                                                                                                                                                                                                                                                                                                                        <\/p>\n","protected":false},"excerpt":{"rendered":"<p>PANTAL\u00f3N CORTO 3 BANDAS<\/p>\n","protected":false},"featured_media":51444,"template":"","meta":[],"product_brand":[],"product_cat":[250],"product_tag":[18],"class_list":{"0":"post-36810","1":"product","2":"type-product","3":"status-publish","4":"has-post-thumbnail","6":"product_cat-hombre_textil_bermudas","7":"product_tag-adidas","8":"pa_color-unico","9":"pa_talla-t-10","10":"pa_talla-t-14","11":"pa_talla-t-16","12":"thunk-woo-product-list","13":"opn-qv-enable","14":"open-woo-hover-","15":"open-single-product-tab-horizontal","16":"open-shadow-","17":"open-shadow-hover-","19":"first","20":"instock","21":"shipping-taxable","22":"purchasable","23":"product-type-variable"},"jetpack_sharing_enabled":true,"_links":{"self":[{"href":"https:\/\/www.deporteseli.com\/index.php?rest_route=\/wp\/v2\/product\/36810","targetHints":{"allow":["GET"]}}],"collection":[{"href":"https:\/\/www.deporteseli.com\/index.php?rest_route=\/wp\/v2\/product"}],"about":[{"href":"https:\/\/www.deporteseli.com\/index.php?rest_route=\/wp\/v2\/types\/product"}],"wp:featuredmedia":[{"embeddable":true,"href":"https:\/\/www.deporteseli.com\/index.php?rest_route=\/wp\/v2\/media\/51444"}],"wp:attachment":[{"href":"https:\/\/www.deporteseli.com\/index.php?rest_route=%2Fwp%2Fv2%2Fmedia&parent=36810"}],"wp:term":[{"taxonomy":"product_brand","embeddable":true,"href":"https:\/\/www.deporteseli.com\/index.php?rest_route=%2Fwp%2Fv2%2Fproduct_brand&post=36810"},{"taxonomy":"product_cat","embeddable":true,"href":"https:\/\/www.deporteseli.com\/index.php?rest_route=%2Fwp%2Fv2%2Fproduct_cat&post=36810"},{"taxonomy":"product_tag","embeddable":true,"href":"https:\/\/www.deporteseli.com\/index.php?rest_route=%2Fwp%2Fv2%2Fproduct_tag&post=36810"}],"curies":[{"name":"wp","href":"https:\/\/api.w.org\/{rel}","templated":true}]}}