{"id":36805,"date":"2026-01-27T17:22:09","date_gmt":"2026-01-27T17:22:09","guid":{"rendered":"https:\/\/www.deporteseli.com\/?product=camiseta-essentials-logo-juvenil-2"},"modified":"2026-01-27T17:22:18","modified_gmt":"2026-01-27T17:22:18","slug":"camiseta-essentials-logo-juvenil-2","status":"publish","type":"product","link":"https:\/\/www.deporteseli.com\/?product=camiseta-essentials-logo-juvenil-2","title":{"rendered":"CAMISETA ESSENTIALS LOGO JUVENIL"},"content":{"rendered":"<p>SOBRE EL PRODUCTO  Confeccionada 100 % con algod\u00f3n, resultado de una asociaci\u00f3n entre PUMA y Better Cotton Initiative, la camiseta Essentials Logo para j\u00f3venes presenta un ajuste regular, un cuello redondo acanalado y un logotipo de PUMA en el pecho.    CARACTER\u00cdSTICAS   BENEFICIOS  BCI: Al comprar productos de algod\u00f3n con la marca PUMA, est\u00e1 apoyando la producci\u00f3n sostenible de algod\u00f3n a trav\u00e9s de Better Cotton Initiative. Obtenga m\u00e1s informaci\u00f3n en bettercotton.org\/massbalance  bluesign\u00ae: Como socios de bluesign\u00ae, somos una parte responsable y activa de una cadena de valor textil debidamente comprometida con un enfoque de gesti\u00f3n de insumos limpio y seguro.  DETALLES  ajuste regular  cuello redondo acanalado  Logotipo de PUMA engomado en el centro del pecho  Logotipo de PUMA en la etiqueta del lado izquierdo  100% algod\u00f3n                                                                                                                                                                                                                                                                                                                                                                                                                                                                                                                                                                                                                                                                                                                                                                                                                                                                                                                                                                                                                                        <\/p>\n","protected":false},"excerpt":{"rendered":"<p>CAMISETA ESSENTIALS LOGO JUVENIL<\/p>\n","protected":false},"featured_media":51439,"template":"","meta":[],"product_brand":[],"product_cat":[296],"product_tag":[32],"class_list":{"0":"post-36805","1":"product","2":"type-product","3":"status-publish","4":"has-post-thumbnail","6":"product_cat-nino_textil_camisetas","7":"product_tag-puma","8":"pa_color-unico","9":"pa_talla-t-10","10":"pa_talla-t-8","11":"thunk-woo-product-list","12":"opn-qv-enable","13":"open-woo-hover-","14":"open-single-product-tab-horizontal","15":"open-shadow-","16":"open-shadow-hover-","18":"first","19":"instock","20":"shipping-taxable","21":"purchasable","22":"product-type-variable"},"jetpack_sharing_enabled":true,"_links":{"self":[{"href":"https:\/\/www.deporteseli.com\/index.php?rest_route=\/wp\/v2\/product\/36805","targetHints":{"allow":["GET"]}}],"collection":[{"href":"https:\/\/www.deporteseli.com\/index.php?rest_route=\/wp\/v2\/product"}],"about":[{"href":"https:\/\/www.deporteseli.com\/index.php?rest_route=\/wp\/v2\/types\/product"}],"wp:featuredmedia":[{"embeddable":true,"href":"https:\/\/www.deporteseli.com\/index.php?rest_route=\/wp\/v2\/media\/51439"}],"wp:attachment":[{"href":"https:\/\/www.deporteseli.com\/index.php?rest_route=%2Fwp%2Fv2%2Fmedia&parent=36805"}],"wp:term":[{"taxonomy":"product_brand","embeddable":true,"href":"https:\/\/www.deporteseli.com\/index.php?rest_route=%2Fwp%2Fv2%2Fproduct_brand&post=36805"},{"taxonomy":"product_cat","embeddable":true,"href":"https:\/\/www.deporteseli.com\/index.php?rest_route=%2Fwp%2Fv2%2Fproduct_cat&post=36805"},{"taxonomy":"product_tag","embeddable":true,"href":"https:\/\/www.deporteseli.com\/index.php?rest_route=%2Fwp%2Fv2%2Fproduct_tag&post=36805"}],"curies":[{"name":"wp","href":"https:\/\/api.w.org\/{rel}","templated":true}]}}