{"id":36803,"date":"2026-01-27T17:22:06","date_gmt":"2026-01-27T17:22:06","guid":{"rendered":"https:\/\/www.deporteseli.com\/?product=camisa-adidas-hf0127-nino"},"modified":"2026-01-27T17:22:08","modified_gmt":"2026-01-27T17:22:08","slug":"camisa-adidas-hf0127-nino","status":"publish","type":"product","link":"https:\/\/www.deporteseli.com\/?product=camisa-adidas-hf0127-nino","title":{"rendered":"CAMISA ADIDAS HF0127 NI\u00f1O"},"content":{"rendered":"<p>Camisa para ni\u00f1os adidas Entrada 22 Graphic  Para su equipo. Para su planeta. Esta camiseta junior adidas, que forma parte de la gama Entrada 22, da un nuevo giro al cl\u00e1sico look futbol\u00edstico. En parte rayas verticales y en parte aros horizontales, el dise\u00f1o diagonal har\u00e1 que tus compa\u00f1eros de equipo destaquen en el campo. Fabricado con materiales 100% reciclados, este producto es s\u00f3lo una de las soluciones que ofrecemos para acabar con los residuos de pl\u00e1stico.    Ajuste normal                                                                                                                                                                                                                                                                                                                                                                                                                                                                                                                                                                                                                                                                                                                                                                                                                                                                                                                                                                                                                                        <\/p>\n","protected":false},"excerpt":{"rendered":"<p>CAMISA ADIDAS HF0127 NI\u00f1O<\/p>\n","protected":false},"featured_media":51436,"template":"","meta":[],"product_brand":[],"product_cat":[296],"product_tag":[18],"class_list":{"0":"post-36803","1":"product","2":"type-product","3":"status-publish","4":"has-post-thumbnail","6":"product_cat-nino_textil_camisetas","7":"product_tag-adidas","8":"pa_color-unico","9":"pa_talla-t-10","10":"thunk-woo-product-list","11":"opn-qv-enable","12":"open-woo-hover-","13":"open-single-product-tab-horizontal","14":"open-shadow-","15":"open-shadow-hover-","17":"first","18":"instock","19":"shipping-taxable","20":"purchasable","21":"product-type-variable"},"jetpack_sharing_enabled":true,"_links":{"self":[{"href":"https:\/\/www.deporteseli.com\/index.php?rest_route=\/wp\/v2\/product\/36803","targetHints":{"allow":["GET"]}}],"collection":[{"href":"https:\/\/www.deporteseli.com\/index.php?rest_route=\/wp\/v2\/product"}],"about":[{"href":"https:\/\/www.deporteseli.com\/index.php?rest_route=\/wp\/v2\/types\/product"}],"wp:featuredmedia":[{"embeddable":true,"href":"https:\/\/www.deporteseli.com\/index.php?rest_route=\/wp\/v2\/media\/51436"}],"wp:attachment":[{"href":"https:\/\/www.deporteseli.com\/index.php?rest_route=%2Fwp%2Fv2%2Fmedia&parent=36803"}],"wp:term":[{"taxonomy":"product_brand","embeddable":true,"href":"https:\/\/www.deporteseli.com\/index.php?rest_route=%2Fwp%2Fv2%2Fproduct_brand&post=36803"},{"taxonomy":"product_cat","embeddable":true,"href":"https:\/\/www.deporteseli.com\/index.php?rest_route=%2Fwp%2Fv2%2Fproduct_cat&post=36803"},{"taxonomy":"product_tag","embeddable":true,"href":"https:\/\/www.deporteseli.com\/index.php?rest_route=%2Fwp%2Fv2%2Fproduct_tag&post=36803"}],"curies":[{"name":"wp","href":"https:\/\/api.w.org\/{rel}","templated":true}]}}