{"id":36794,"date":"2026-01-27T17:21:46","date_gmt":"2026-01-27T17:21:46","guid":{"rendered":"https:\/\/www.deporteseli.com\/?product=tenis-adidas-grand-court"},"modified":"2026-02-13T18:07:51","modified_gmt":"2026-02-13T18:07:51","slug":"tenis-adidas-grand-court","status":"publish","type":"product","link":"https:\/\/www.deporteseli.com\/?product=tenis-adidas-grand-court","title":{"rendered":"TENIS ADIDAS GRAND COURT"},"content":{"rendered":"<p>Listos para el d\u00eda  Un cl\u00e1sico de los 70s est\u00e1 de vuelta para darte un look casual para las calles, son los Tenis adidas Grand Court Base para mujeres que van con todo y llevan detalles cl\u00e1sicos. Se volver\u00e1n en tus favoritos para el diario.        Construcci\u00f3n de los tenis blancos  Los tenis para mujer son perfectos para un look cotidiano y casual con una parte superior sint\u00e9tica, as\u00ed como las tres franjas de los lados. La amortiguaci\u00f3n de la entre suela proporciona comodidad a cada paso y la suela de goma crea una tracci\u00f3n resistente sobre la superficie.  Estilo GV7163  Color Blanco  Construcci\u00f3n superior de material sint\u00e9tico que brinda comodidad.  Sistema de ajuste con cordones.  Media suela Cloudfoam se encarga de que cada transici\u00f3n sea suave al absorber el impacto de cada choque contra el pavimento.  Suela de goma para mayor durabilidad y tracci\u00f3n sobre la superficie.                                                                                                                                                                                                                                                                                                                                                                                                                                                                                                                                                                                                                                                                                                                                                                                                                                                                                                                                                                                                                                        <\/p>\n","protected":false},"excerpt":{"rendered":"<p>TENIS ADIDAS GRAND COURT<\/p>\n","protected":false},"featured_media":51428,"template":"","meta":[],"product_brand":[],"product_cat":[237],"product_tag":[18],"class_list":{"0":"post-36794","1":"product","2":"type-product","3":"status-publish","4":"has-post-thumbnail","6":"product_cat-outlet_calzado","7":"product_tag-adidas","8":"pa_color-unico","9":"pa_talla-37-5","10":"thunk-woo-product-list","11":"opn-qv-enable","12":"open-woo-hover-","13":"open-single-product-tab-horizontal","14":"open-shadow-","15":"open-shadow-hover-","17":"first","18":"instock","19":"sale","20":"shipping-taxable","21":"purchasable","22":"product-type-variable"},"jetpack_sharing_enabled":true,"_links":{"self":[{"href":"https:\/\/www.deporteseli.com\/index.php?rest_route=\/wp\/v2\/product\/36794","targetHints":{"allow":["GET"]}}],"collection":[{"href":"https:\/\/www.deporteseli.com\/index.php?rest_route=\/wp\/v2\/product"}],"about":[{"href":"https:\/\/www.deporteseli.com\/index.php?rest_route=\/wp\/v2\/types\/product"}],"wp:featuredmedia":[{"embeddable":true,"href":"https:\/\/www.deporteseli.com\/index.php?rest_route=\/wp\/v2\/media\/51428"}],"wp:attachment":[{"href":"https:\/\/www.deporteseli.com\/index.php?rest_route=%2Fwp%2Fv2%2Fmedia&parent=36794"}],"wp:term":[{"taxonomy":"product_brand","embeddable":true,"href":"https:\/\/www.deporteseli.com\/index.php?rest_route=%2Fwp%2Fv2%2Fproduct_brand&post=36794"},{"taxonomy":"product_cat","embeddable":true,"href":"https:\/\/www.deporteseli.com\/index.php?rest_route=%2Fwp%2Fv2%2Fproduct_cat&post=36794"},{"taxonomy":"product_tag","embeddable":true,"href":"https:\/\/www.deporteseli.com\/index.php?rest_route=%2Fwp%2Fv2%2Fproduct_tag&post=36794"}],"curies":[{"name":"wp","href":"https:\/\/api.w.org\/{rel}","templated":true}]}}