{"id":36786,"date":"2026-01-27T17:21:30","date_gmt":"2026-01-27T17:21:30","guid":{"rendered":"https:\/\/www.deporteseli.com\/?product=short-j-smith-acolin-005"},"modified":"2026-02-27T05:17:33","modified_gmt":"2026-02-27T05:17:33","slug":"short-j-smith-acolin-005","status":"publish","type":"product","link":"https:\/\/www.deporteseli.com\/?product=short-j-smith-acolin-005","title":{"rendered":"SHORT J.SMITH ACOLIN-005"},"content":{"rendered":"<p>COMPOSICION:    90% poli\u00e9ster-10% elast\u00e1n. Single jersey.    DETALLES:    Malla corta.    tejido t\u00e9cnico: Drynamic.    Secado r\u00e1pido.    Piezas reflectantes.    Transpirable.    Costuras planas.    Tejido el\u00e1stico.    Bolsillo contenedor interior.                                                                                                                                                                                                                                                                                                                                                                                                                                                                                                                                                                                                                                                                                                                                                                                                                                                                                                                                                                                                                                        <\/p>\n","protected":false},"excerpt":{"rendered":"<p>SHORT J.SMITH ACOLIN-005<\/p>\n","protected":false},"featured_media":51421,"template":"","meta":[],"product_brand":[],"product_cat":[251],"product_tag":[43],"class_list":{"0":"post-36786","1":"product","2":"type-product","3":"status-publish","4":"has-post-thumbnail","6":"product_cat-hombre_textil_shorts","7":"product_tag-jhon_smith","8":"pa_color-unico","9":"pa_talla-l","10":"pa_talla-m","11":"pa_talla-s","12":"thunk-woo-product-list","13":"opn-qv-enable","14":"open-woo-hover-","15":"open-single-product-tab-horizontal","16":"open-shadow-","17":"open-shadow-hover-","19":"first","20":"instock","21":"shipping-taxable","22":"purchasable","23":"product-type-variable"},"jetpack_sharing_enabled":true,"_links":{"self":[{"href":"https:\/\/www.deporteseli.com\/index.php?rest_route=\/wp\/v2\/product\/36786","targetHints":{"allow":["GET"]}}],"collection":[{"href":"https:\/\/www.deporteseli.com\/index.php?rest_route=\/wp\/v2\/product"}],"about":[{"href":"https:\/\/www.deporteseli.com\/index.php?rest_route=\/wp\/v2\/types\/product"}],"wp:featuredmedia":[{"embeddable":true,"href":"https:\/\/www.deporteseli.com\/index.php?rest_route=\/wp\/v2\/media\/51421"}],"wp:attachment":[{"href":"https:\/\/www.deporteseli.com\/index.php?rest_route=%2Fwp%2Fv2%2Fmedia&parent=36786"}],"wp:term":[{"taxonomy":"product_brand","embeddable":true,"href":"https:\/\/www.deporteseli.com\/index.php?rest_route=%2Fwp%2Fv2%2Fproduct_brand&post=36786"},{"taxonomy":"product_cat","embeddable":true,"href":"https:\/\/www.deporteseli.com\/index.php?rest_route=%2Fwp%2Fv2%2Fproduct_cat&post=36786"},{"taxonomy":"product_tag","embeddable":true,"href":"https:\/\/www.deporteseli.com\/index.php?rest_route=%2Fwp%2Fv2%2Fproduct_tag&post=36786"}],"curies":[{"name":"wp","href":"https:\/\/api.w.org\/{rel}","templated":true}]}}