{"id":36774,"date":"2026-01-27T17:21:06","date_gmt":"2026-01-27T17:21:06","guid":{"rendered":"https:\/\/www.deporteseli.com\/?product=zapatillas-nike-nike-waffle-debut"},"modified":"2026-03-15T05:18:32","modified_gmt":"2026-03-15T05:18:32","slug":"zapatillas-nike-nike-waffle-debut","status":"publish","type":"product","link":"https:\/\/www.deporteseli.com\/?product=zapatillas-nike-nike-waffle-debut","title":{"rendered":"ZAPATILLAS NIKE NIKE WAFFLE DEBUT"},"content":{"rendered":"<p>SIMPLEMENTE LAS WAFFLE. SIEMPRE BRILLANTES.  El estilo retro se moderniza en el debut de las Nike Waffle. \u00bfRecuerdas el ante suave y la tendencia de nylon? Est\u00e1n de vuelta junto con la moderna mediasuela de cu\u00f1a que ofrece una incre\u00edble suavidad. Y para rematar, hemos mantenido el cl\u00e1sico en la parte inferior: la suela de tipo wafle comprobada, genuina y confiable, que agrega tracci\u00f3n, durabilidad y estilo cl\u00e1sico a tu paso.    Logotipos Swoosh que envuelven el tal\u00f3n para formar una presilla y a\u00f1adir una est\u00e9tica destinada a la funcionalidad f\u00e1cil de poner y quitar.  Revestimientos de ante suave para evocar los materiales utilizados en las zapatillas previas a la marca Nike Blue Ribbon Sports, y revestimiento de tela para a\u00f1adir durabilidad con un acabado impecable.  Zona del tobillo acolchada de perfil bajo para ofrecer un look elegante y c\u00f3modo.  La suela exterior de goma tipo gofre a\u00f1ade tracci\u00f3n, durabilidad y estilo tradicional.  La zona del tobillo acolchada y de perfil bajo aporta un look elegante y c\u00f3modo.  El gran Swoosh retro cubre los ojales para refrescar el estilo de running cl\u00e1sico.                                                                                                                                                                                                                                                                                                                                                                                                                                                                                                                                                                                                                                                                                                                                                                                                                                                                                                                                                                                                                                        <\/p>\n","protected":false},"excerpt":{"rendered":"<p>ZAPATILLAS NIKE NIKE WAFFLE DEBUT<\/p>\n","protected":false},"featured_media":51401,"template":"","meta":[],"product_brand":[],"product_cat":[261],"product_tag":[37],"class_list":{"0":"post-36774","1":"product","2":"type-product","3":"status-publish","4":"has-post-thumbnail","6":"product_cat-hombre_calzado_casual","7":"product_tag-nike","8":"pa_color-unico","9":"pa_talla-155","10":"pa_talla-157","11":"thunk-woo-product-list","12":"opn-qv-enable","13":"open-woo-hover-","14":"open-single-product-tab-horizontal","15":"open-shadow-","16":"open-shadow-hover-","18":"first","19":"instock","20":"sale","21":"shipping-taxable","22":"purchasable","23":"product-type-variable"},"jetpack_sharing_enabled":true,"_links":{"self":[{"href":"https:\/\/www.deporteseli.com\/index.php?rest_route=\/wp\/v2\/product\/36774","targetHints":{"allow":["GET"]}}],"collection":[{"href":"https:\/\/www.deporteseli.com\/index.php?rest_route=\/wp\/v2\/product"}],"about":[{"href":"https:\/\/www.deporteseli.com\/index.php?rest_route=\/wp\/v2\/types\/product"}],"wp:featuredmedia":[{"embeddable":true,"href":"https:\/\/www.deporteseli.com\/index.php?rest_route=\/wp\/v2\/media\/51401"}],"wp:attachment":[{"href":"https:\/\/www.deporteseli.com\/index.php?rest_route=%2Fwp%2Fv2%2Fmedia&parent=36774"}],"wp:term":[{"taxonomy":"product_brand","embeddable":true,"href":"https:\/\/www.deporteseli.com\/index.php?rest_route=%2Fwp%2Fv2%2Fproduct_brand&post=36774"},{"taxonomy":"product_cat","embeddable":true,"href":"https:\/\/www.deporteseli.com\/index.php?rest_route=%2Fwp%2Fv2%2Fproduct_cat&post=36774"},{"taxonomy":"product_tag","embeddable":true,"href":"https:\/\/www.deporteseli.com\/index.php?rest_route=%2Fwp%2Fv2%2Fproduct_tag&post=36774"}],"curies":[{"name":"wp","href":"https:\/\/api.w.org\/{rel}","templated":true}]}}